{"id":2729,"date":"2018-09-20T18:29:33","date_gmt":"2018-09-20T16:29:33","guid":{"rendered":"http:\/\/masmi.rs\/?page_id=2729"},"modified":"2018-09-20T18:29:33","modified_gmt":"2018-09-20T16:29:33","slug":"masmi-web-forum","status":"publish","type":"page","link":"https:\/\/masmi.rs\/en\/masmi-web-forum\/","title":{"rendered":"MASMI Web Forum"},"content":{"rendered":"<p>[et_pb_section bb_built=&#8221;1&#8243; fullwidth=&#8221;off&#8221; specialty=&#8221;off&#8221; _builder_version=&#8221;3.0.69&#8243; background_color=&#8221;#00a6e4&#8243; inner_shadow=&#8221;on&#8221; custom_padding=&#8221;15px||15px|15px&#8221; next_background_color=&#8221;#ffffff&#8221;][et_pb_row _builder_version=&#8221;3.0.69&#8243; background_position_1=&#8221;top_left&#8221; background_repeat_1=&#8221;no-repeat&#8221; custom_margin=&#8221;||0px|&#8221;][et_pb_column type=&#8221;4_4&#8243;][et_pb_post_title _builder_version=&#8221;3.0.69&#8243; title=&#8221;on&#8221; meta=&#8221;off&#8221; author=&#8221;on&#8221; date=&#8221;on&#8221; categories=&#8221;on&#8221; comments=&#8221;on&#8221; featured_image=&#8221;off&#8221; featured_placement=&#8221;below&#8221; parallax_method=&#8221;on&#8221; text_orientation=&#8221;left&#8221; text_color=&#8221;light&#8221; text_background=&#8221;off&#8221; title_font_size=&#8221;28px&#8221; border_style=&#8221;solid&#8221; \/][\/et_pb_column][\/et_pb_row][\/et_pb_section][et_pb_section bb_built=&#8221;1&#8243; fullwidth=&#8221;off&#8221; specialty=&#8221;on&#8221; prev_background_color=&#8221;#00a6e4&#8243;][et_pb_column type=&#8221;2_3&#8243; specialty_columns=&#8221;2&#8243;][et_pb_row_inner admin_label=&#8221;Red&#8221;][et_pb_column_inner type=&#8221;4_4&#8243; saved_specialty_column_type=&#8221;2_3&#8243;][et_pb_image _builder_version=&#8221;3.3.1&#8243; src=&#8221;http:\/\/masmi.rs\/wp-content\/uploads\/2014\/10\/mwf-i1.png&#8221; \/][et_pb_text _builder_version=&#8221;3.14&#8243;]<\/p>\n<div class=\"et_pb_text et_pb_bg_layout_light et_pb_text_align_left\">\n<p>Online forum-like discussion, usually lasting 3-10 days. It is comprised of 10 or more participants who have been recruited according to screening criteria to participate in a discussion online.<\/p>\n<p>Respondents log-in asynchronously, at time convenient to them to take part in the discussion. Moderator leads the discussion, asking questions, probing for clarification and engaging the respondents into active dialogue.<\/p>\n<p>Clients observe the discussion without being seen, logging-in at their own convenience.<\/p>\n<p><strong>ONLINE QUALITATIVE APPROACH HAS THE FOLLOWING BENEFITS:<\/strong><\/p>\n<\/div>\n<p>&nbsp;<\/p>\n<p><img loading=\"lazy\" decoding=\"async\" class=\"aligncenter size-full wp-image-1779\" src=\"http:\/\/masmi.rs\/wp-content\/uploads\/2014\/10\/mwfe-i1.png\" alt=\"\" width=\"803\" height=\"644\" srcset=\"https:\/\/masmi.rs\/wp-content\/uploads\/2014\/10\/mwfe-i1.png 803w, https:\/\/masmi.rs\/wp-content\/uploads\/2014\/10\/mwfe-i1-300x241.png 300w, https:\/\/masmi.rs\/wp-content\/uploads\/2014\/10\/mwfe-i1-768x616.png 768w\" sizes=\"(max-width: 803px) 100vw, 803px\" \/><\/p>\n<p>&nbsp;<\/p>\n<p>[\/et_pb_text][\/et_pb_column_inner][\/et_pb_row_inner][\/et_pb_column][et_pb_column type=&#8221;1_3&#8243;][et_pb_sidebar _builder_version=&#8221;3.14&#8243; area=&#8221;sidebar-1&#8243; orientation=&#8221;right&#8221; show_border=&#8221;off&#8221; background_layout=&#8221;dark&#8221; \/][\/et_pb_column][\/et_pb_section]<\/p>\n","protected":false},"excerpt":{"rendered":"<p>Online forum-like discussion, usually lasting 3-10 days. It is comprised of 10 or more participants who have been recruited according to screening criteria to participate in a discussion online. Respondents log-in asynchronously, at time convenient to them to take part in the discussion. Moderator leads the discussion, asking questions, probing for clarification and engaging the [&hellip;]<\/p>\n","protected":false},"author":1,"featured_media":0,"parent":0,"menu_order":0,"comment_status":"closed","ping_status":"closed","template":"","meta":{"_et_pb_use_builder":"on","_et_pb_old_content":"","_et_gb_content_width":"","_monsterinsights_skip_tracking":false,"_monsterinsights_sitenote_active":false,"_monsterinsights_sitenote_note":"","_monsterinsights_sitenote_category":0,"footnotes":""},"yoast_head":"<!-- This site is optimized with the Yoast SEO plugin v18.0 - https:\/\/yoast.com\/wordpress\/plugins\/seo\/ -->\n<title>MASMI Web Forum - MASMI BEOGRAD<\/title>\n<meta name=\"robots\" content=\"index, follow, max-snippet:-1, max-image-preview:large, max-video-preview:-1\" \/>\n<link rel=\"canonical\" href=\"https:\/\/masmi.rs\/en\/masmi-web-forum\/\" \/>\n<meta property=\"og:locale\" content=\"en_US\" \/>\n<meta property=\"og:type\" content=\"article\" \/>\n<meta property=\"og:title\" content=\"MASMI Web Forum - MASMI BEOGRAD\" \/>\n<meta property=\"og:description\" content=\"Online forum-like discussion, usually lasting 3-10 days. It is comprised of 10 or more participants who have been recruited according to screening criteria to participate in a discussion online. Respondents log-in asynchronously, at time convenient to them to take part in the discussion. Moderator leads the discussion, asking questions, probing for clarification and engaging the [&hellip;]\" \/>\n<meta property=\"og:url\" content=\"https:\/\/masmi.rs\/en\/masmi-web-forum\/\" \/>\n<meta property=\"og:site_name\" content=\"MASMI BEOGRAD\" \/>\n<meta property=\"og:image\" content=\"http:\/\/masmi.rs\/wp-content\/uploads\/2014\/10\/mwfe-i1.png\" \/>\n<meta name=\"twitter:label1\" content=\"Est. reading time\" \/>\n\t<meta name=\"twitter:data1\" content=\"1 minute\" \/>\n<script type=\"application\/ld+json\" class=\"yoast-schema-graph\">{\"@context\":\"https:\/\/schema.org\",\"@graph\":[{\"@type\":\"Organization\",\"@id\":\"https:\/\/masmi.rs\/#organization\",\"name\":\"MASMI Beograd\",\"url\":\"https:\/\/masmi.rs\/\",\"sameAs\":[],\"logo\":{\"@type\":\"ImageObject\",\"@id\":\"https:\/\/masmi.rs\/#logo\",\"inLanguage\":\"en-US\",\"url\":\"https:\/\/masmi.rs\/wp-content\/uploads\/2017\/11\/FB_profile-pic.png\",\"contentUrl\":\"https:\/\/masmi.rs\/wp-content\/uploads\/2017\/11\/FB_profile-pic.png\",\"width\":372,\"height\":372,\"caption\":\"MASMI Beograd\"},\"image\":{\"@id\":\"https:\/\/masmi.rs\/#logo\"}},{\"@type\":\"WebSite\",\"@id\":\"https:\/\/masmi.rs\/#website\",\"url\":\"https:\/\/masmi.rs\/\",\"name\":\"MASMI BEOGRAD\",\"description\":\"Agencija za istra\u017eivanje tr\u017ei\u0161ta\",\"publisher\":{\"@id\":\"https:\/\/masmi.rs\/#organization\"},\"potentialAction\":[{\"@type\":\"SearchAction\",\"target\":{\"@type\":\"EntryPoint\",\"urlTemplate\":\"https:\/\/masmi.rs\/?s={search_term_string}\"},\"query-input\":\"required name=search_term_string\"}],\"inLanguage\":\"en-US\"},{\"@type\":\"ImageObject\",\"@id\":\"https:\/\/masmi.rs\/en\/masmi-web-forum\/#primaryimage\",\"inLanguage\":\"en-US\",\"url\":\"http:\/\/masmi.rs\/wp-content\/uploads\/2014\/10\/mwfe-i1.png\",\"contentUrl\":\"http:\/\/masmi.rs\/wp-content\/uploads\/2014\/10\/mwfe-i1.png\"},{\"@type\":\"WebPage\",\"@id\":\"https:\/\/masmi.rs\/en\/masmi-web-forum\/#webpage\",\"url\":\"https:\/\/masmi.rs\/en\/masmi-web-forum\/\",\"name\":\"MASMI Web Forum - MASMI BEOGRAD\",\"isPartOf\":{\"@id\":\"https:\/\/masmi.rs\/#website\"},\"primaryImageOfPage\":{\"@id\":\"https:\/\/masmi.rs\/en\/masmi-web-forum\/#primaryimage\"},\"datePublished\":\"2018-09-20T16:29:33+00:00\",\"dateModified\":\"2018-09-20T16:29:33+00:00\",\"breadcrumb\":{\"@id\":\"https:\/\/masmi.rs\/en\/masmi-web-forum\/#breadcrumb\"},\"inLanguage\":\"en-US\",\"potentialAction\":[{\"@type\":\"ReadAction\",\"target\":[\"https:\/\/masmi.rs\/en\/masmi-web-forum\/\"]}]},{\"@type\":\"BreadcrumbList\",\"@id\":\"https:\/\/masmi.rs\/en\/masmi-web-forum\/#breadcrumb\",\"itemListElement\":[{\"@type\":\"ListItem\",\"position\":1,\"name\":\"MASMI Web Forum\"}]}]}<\/script>\n<!-- \/ Yoast SEO plugin. -->","yoast_head_json":{"title":"MASMI Web Forum - MASMI BEOGRAD","robots":{"index":"index","follow":"follow","max-snippet":"max-snippet:-1","max-image-preview":"max-image-preview:large","max-video-preview":"max-video-preview:-1"},"canonical":"https:\/\/masmi.rs\/en\/masmi-web-forum\/","og_locale":"en_US","og_type":"article","og_title":"MASMI Web Forum - MASMI BEOGRAD","og_description":"Online forum-like discussion, usually lasting 3-10 days. It is comprised of 10 or more participants who have been recruited according to screening criteria to participate in a discussion online. Respondents log-in asynchronously, at time convenient to them to take part in the discussion. Moderator leads the discussion, asking questions, probing for clarification and engaging the [&hellip;]","og_url":"https:\/\/masmi.rs\/en\/masmi-web-forum\/","og_site_name":"MASMI BEOGRAD","og_image":[{"url":"http:\/\/masmi.rs\/wp-content\/uploads\/2014\/10\/mwfe-i1.png"}],"twitter_misc":{"Est. reading time":"1 minute"},"schema":{"@context":"https:\/\/schema.org","@graph":[{"@type":"Organization","@id":"https:\/\/masmi.rs\/#organization","name":"MASMI Beograd","url":"https:\/\/masmi.rs\/","sameAs":[],"logo":{"@type":"ImageObject","@id":"https:\/\/masmi.rs\/#logo","inLanguage":"en-US","url":"https:\/\/masmi.rs\/wp-content\/uploads\/2017\/11\/FB_profile-pic.png","contentUrl":"https:\/\/masmi.rs\/wp-content\/uploads\/2017\/11\/FB_profile-pic.png","width":372,"height":372,"caption":"MASMI Beograd"},"image":{"@id":"https:\/\/masmi.rs\/#logo"}},{"@type":"WebSite","@id":"https:\/\/masmi.rs\/#website","url":"https:\/\/masmi.rs\/","name":"MASMI BEOGRAD","description":"Agencija za istra\u017eivanje tr\u017ei\u0161ta","publisher":{"@id":"https:\/\/masmi.rs\/#organization"},"potentialAction":[{"@type":"SearchAction","target":{"@type":"EntryPoint","urlTemplate":"https:\/\/masmi.rs\/?s={search_term_string}"},"query-input":"required name=search_term_string"}],"inLanguage":"en-US"},{"@type":"ImageObject","@id":"https:\/\/masmi.rs\/en\/masmi-web-forum\/#primaryimage","inLanguage":"en-US","url":"http:\/\/masmi.rs\/wp-content\/uploads\/2014\/10\/mwfe-i1.png","contentUrl":"http:\/\/masmi.rs\/wp-content\/uploads\/2014\/10\/mwfe-i1.png"},{"@type":"WebPage","@id":"https:\/\/masmi.rs\/en\/masmi-web-forum\/#webpage","url":"https:\/\/masmi.rs\/en\/masmi-web-forum\/","name":"MASMI Web Forum - MASMI BEOGRAD","isPartOf":{"@id":"https:\/\/masmi.rs\/#website"},"primaryImageOfPage":{"@id":"https:\/\/masmi.rs\/en\/masmi-web-forum\/#primaryimage"},"datePublished":"2018-09-20T16:29:33+00:00","dateModified":"2018-09-20T16:29:33+00:00","breadcrumb":{"@id":"https:\/\/masmi.rs\/en\/masmi-web-forum\/#breadcrumb"},"inLanguage":"en-US","potentialAction":[{"@type":"ReadAction","target":["https:\/\/masmi.rs\/en\/masmi-web-forum\/"]}]},{"@type":"BreadcrumbList","@id":"https:\/\/masmi.rs\/en\/masmi-web-forum\/#breadcrumb","itemListElement":[{"@type":"ListItem","position":1,"name":"MASMI Web Forum"}]}]}},"_links":{"self":[{"href":"https:\/\/masmi.rs\/en\/wp-json\/wp\/v2\/pages\/2729"}],"collection":[{"href":"https:\/\/masmi.rs\/en\/wp-json\/wp\/v2\/pages"}],"about":[{"href":"https:\/\/masmi.rs\/en\/wp-json\/wp\/v2\/types\/page"}],"author":[{"embeddable":true,"href":"https:\/\/masmi.rs\/en\/wp-json\/wp\/v2\/users\/1"}],"replies":[{"embeddable":true,"href":"https:\/\/masmi.rs\/en\/wp-json\/wp\/v2\/comments?post=2729"}],"version-history":[{"count":2,"href":"https:\/\/masmi.rs\/en\/wp-json\/wp\/v2\/pages\/2729\/revisions"}],"predecessor-version":[{"id":2731,"href":"https:\/\/masmi.rs\/en\/wp-json\/wp\/v2\/pages\/2729\/revisions\/2731"}],"wp:attachment":[{"href":"https:\/\/masmi.rs\/en\/wp-json\/wp\/v2\/media?parent=2729"}],"curies":[{"name":"wp","href":"https:\/\/api.w.org\/{rel}","templated":true}]}}