{"id":2725,"date":"2018-09-20T18:28:15","date_gmt":"2018-09-20T16:28:15","guid":{"rendered":"http:\/\/masmi.rs\/?page_id=2725"},"modified":"2018-09-20T18:28:15","modified_gmt":"2018-09-20T16:28:15","slug":"masmimetar","status":"publish","type":"page","link":"https:\/\/masmi.rs\/en\/masmimetar\/","title":{"rendered":"MASMImetar"},"content":{"rendered":"<p>[et_pb_section bb_built=&#8221;1&#8243; inner_shadow=&#8221;on&#8221; _builder_version=&#8221;3.0.69&#8243; background_color=&#8221;#00a6e4&#8243; custom_padding=&#8221;15px||15px|15px&#8221; next_background_color=&#8221;#ffffff&#8221;][et_pb_row custom_margin=&#8221;||0px|&#8221; background_position_1=&#8221;top_left&#8221; background_repeat_1=&#8221;no-repeat&#8221; _builder_version=&#8221;3.0.69&#8243;][et_pb_column type=&#8221;4_4&#8243;][et_pb_post_title meta=&#8221;off&#8221; featured_image=&#8221;off&#8221; text_color=&#8221;light&#8221; _builder_version=&#8221;3.0.69&#8243; title_font_size=&#8221;28px&#8221; border_style=&#8221;solid&#8221; \/][\/et_pb_column][\/et_pb_row][\/et_pb_section][et_pb_section bb_built=&#8221;1&#8243; specialty=&#8221;on&#8221; _builder_version=&#8221;3.0.47&#8243; custom_padding=&#8221;13px|0px|19px|0px|false|false&#8221; prev_background_color=&#8221;#00a6e4&#8243;][et_pb_column type=&#8221;2_3&#8243; specialty_columns=&#8221;2&#8243;][et_pb_row_inner admin_label=&#8221;Red&#8221; _builder_version=&#8221;3.0.47&#8243;][et_pb_column_inner type=&#8221;4_4&#8243; saved_specialty_column_type=&#8221;2_3&#8243;][et_pb_image src=&#8221;http:\/\/masmi.rs\/wp-content\/uploads\/2014\/10\/mm-i1.jpg&#8221; _builder_version=&#8221;3.3.1&#8243; \/][et_pb_text _builder_version=&#8221;3.14&#8243;]<\/p>\n<p>Willing and available respondents are vital to the success of any consumer research project. Online panels are pre-profiled and pre-recruited so when you conduct online panel research, you know your target audience is ready and waiting to answer your questions. This means your research will be:<\/p>\n<div class=\"et_pb_text et_pb_bg_layout_light et_pb_text_align_left\">\n<ul>\n<li>Quick and easy<\/li>\n<li>High quality<\/li>\n<li>Cost effective<\/li>\n<\/ul>\n<p>Online panel research allows you to target the specific customer or client types you most need to talk to. It offers a focused form of data collection, assuring valuable information for your business.<\/p>\n<p><strong>Advantages of MASMImetar online panel:\u00a0<\/strong><\/p>\n<\/div>\n<p><img loading=\"lazy\" decoding=\"async\" class=\"aligncenter size-full wp-image-1785\" src=\"http:\/\/masmi.rs\/wp-content\/uploads\/2014\/10\/mme-i1.png\" alt=\"\" width=\"791\" height=\"643\" srcset=\"https:\/\/masmi.rs\/wp-content\/uploads\/2014\/10\/mme-i1.png 791w, https:\/\/masmi.rs\/wp-content\/uploads\/2014\/10\/mme-i1-300x244.png 300w, https:\/\/masmi.rs\/wp-content\/uploads\/2014\/10\/mme-i1-768x624.png 768w\" sizes=\"(max-width: 791px) 100vw, 791px\" \/><\/p>\n<p>&nbsp;<\/p>\n<p>[\/et_pb_text][\/et_pb_column_inner][\/et_pb_row_inner][et_pb_row_inner _builder_version=&#8221;3.3.1&#8243;][et_pb_column_inner type=&#8221;4_4&#8243; saved_specialty_column_type=&#8221;2_3&#8243;][et_pb_button url_new_window=&#8221;on&#8221; custom_button=&#8221;on&#8221; button_icon=&#8221;%%32%%&#8221; button_icon_color=&#8221;#03a8b7&#8243; button_on_hover=&#8221;off&#8221; button_text=&#8221;Visit MASMImetar website&#8221; _builder_version=&#8221;3.14&#8243; button_url=&#8221;http:\/\/masmimetar.com\/&#8221; button_alignment=&#8221;center&#8221; \/][\/et_pb_column_inner][\/et_pb_row_inner][\/et_pb_column][et_pb_column type=&#8221;1_3&#8243;][et_pb_sidebar orientation=&#8221;right&#8221; area=&#8221;sidebar-1&#8243; show_border=&#8221;off&#8221; _builder_version=&#8221;3.14&#8243; background_layout=&#8221;dark&#8221; \/][\/et_pb_column][\/et_pb_section]<\/p>\n","protected":false},"excerpt":{"rendered":"<p>Willing and available respondents are vital to the success of any consumer research project. Online panels are pre-profiled and pre-recruited so when you conduct online panel research, you know your target audience is ready and waiting to answer your questions. This means your research will be: Quick and easy High quality Cost effective Online panel [&hellip;]<\/p>\n","protected":false},"author":1,"featured_media":0,"parent":0,"menu_order":0,"comment_status":"closed","ping_status":"closed","template":"","meta":{"_et_pb_use_builder":"on","_et_pb_old_content":"","_et_gb_content_width":"","_monsterinsights_skip_tracking":false,"_monsterinsights_sitenote_active":false,"_monsterinsights_sitenote_note":"","_monsterinsights_sitenote_category":0,"footnotes":""},"yoast_head":"<!-- This site is optimized with the Yoast SEO plugin v18.0 - https:\/\/yoast.com\/wordpress\/plugins\/seo\/ -->\n<title>MASMImetar - MASMI BEOGRAD<\/title>\n<meta name=\"robots\" content=\"index, follow, max-snippet:-1, max-image-preview:large, max-video-preview:-1\" \/>\n<link rel=\"canonical\" href=\"https:\/\/masmi.rs\/en\/masmimetar\/\" \/>\n<meta property=\"og:locale\" content=\"en_US\" \/>\n<meta property=\"og:type\" content=\"article\" \/>\n<meta property=\"og:title\" content=\"MASMImetar - MASMI BEOGRAD\" \/>\n<meta property=\"og:description\" content=\"Willing and available respondents are vital to the success of any consumer research project. Online panels are pre-profiled and pre-recruited so when you conduct online panel research, you know your target audience is ready and waiting to answer your questions. This means your research will be: Quick and easy High quality Cost effective Online panel [&hellip;]\" \/>\n<meta property=\"og:url\" content=\"https:\/\/masmi.rs\/en\/masmimetar\/\" \/>\n<meta property=\"og:site_name\" content=\"MASMI BEOGRAD\" \/>\n<meta property=\"og:image\" content=\"http:\/\/masmi.rs\/wp-content\/uploads\/2014\/10\/mme-i1.png\" \/>\n<meta name=\"twitter:label1\" content=\"Est. reading time\" \/>\n\t<meta name=\"twitter:data1\" content=\"2 minutes\" \/>\n<script type=\"application\/ld+json\" class=\"yoast-schema-graph\">{\"@context\":\"https:\/\/schema.org\",\"@graph\":[{\"@type\":\"Organization\",\"@id\":\"https:\/\/masmi.rs\/#organization\",\"name\":\"MASMI Beograd\",\"url\":\"https:\/\/masmi.rs\/\",\"sameAs\":[],\"logo\":{\"@type\":\"ImageObject\",\"@id\":\"https:\/\/masmi.rs\/#logo\",\"inLanguage\":\"en-US\",\"url\":\"https:\/\/masmi.rs\/wp-content\/uploads\/2017\/11\/FB_profile-pic.png\",\"contentUrl\":\"https:\/\/masmi.rs\/wp-content\/uploads\/2017\/11\/FB_profile-pic.png\",\"width\":372,\"height\":372,\"caption\":\"MASMI Beograd\"},\"image\":{\"@id\":\"https:\/\/masmi.rs\/#logo\"}},{\"@type\":\"WebSite\",\"@id\":\"https:\/\/masmi.rs\/#website\",\"url\":\"https:\/\/masmi.rs\/\",\"name\":\"MASMI BEOGRAD\",\"description\":\"Agencija za istra\u017eivanje tr\u017ei\u0161ta\",\"publisher\":{\"@id\":\"https:\/\/masmi.rs\/#organization\"},\"potentialAction\":[{\"@type\":\"SearchAction\",\"target\":{\"@type\":\"EntryPoint\",\"urlTemplate\":\"https:\/\/masmi.rs\/?s={search_term_string}\"},\"query-input\":\"required name=search_term_string\"}],\"inLanguage\":\"en-US\"},{\"@type\":\"ImageObject\",\"@id\":\"https:\/\/masmi.rs\/en\/masmimetar\/#primaryimage\",\"inLanguage\":\"en-US\",\"url\":\"http:\/\/masmi.rs\/wp-content\/uploads\/2014\/10\/mme-i1.png\",\"contentUrl\":\"http:\/\/masmi.rs\/wp-content\/uploads\/2014\/10\/mme-i1.png\"},{\"@type\":\"WebPage\",\"@id\":\"https:\/\/masmi.rs\/en\/masmimetar\/#webpage\",\"url\":\"https:\/\/masmi.rs\/en\/masmimetar\/\",\"name\":\"MASMImetar - MASMI BEOGRAD\",\"isPartOf\":{\"@id\":\"https:\/\/masmi.rs\/#website\"},\"primaryImageOfPage\":{\"@id\":\"https:\/\/masmi.rs\/en\/masmimetar\/#primaryimage\"},\"datePublished\":\"2018-09-20T16:28:15+00:00\",\"dateModified\":\"2018-09-20T16:28:15+00:00\",\"breadcrumb\":{\"@id\":\"https:\/\/masmi.rs\/en\/masmimetar\/#breadcrumb\"},\"inLanguage\":\"en-US\",\"potentialAction\":[{\"@type\":\"ReadAction\",\"target\":[\"https:\/\/masmi.rs\/en\/masmimetar\/\"]}]},{\"@type\":\"BreadcrumbList\",\"@id\":\"https:\/\/masmi.rs\/en\/masmimetar\/#breadcrumb\",\"itemListElement\":[{\"@type\":\"ListItem\",\"position\":1,\"name\":\"MASMImetar\"}]}]}<\/script>\n<!-- \/ Yoast SEO plugin. -->","yoast_head_json":{"title":"MASMImetar - MASMI BEOGRAD","robots":{"index":"index","follow":"follow","max-snippet":"max-snippet:-1","max-image-preview":"max-image-preview:large","max-video-preview":"max-video-preview:-1"},"canonical":"https:\/\/masmi.rs\/en\/masmimetar\/","og_locale":"en_US","og_type":"article","og_title":"MASMImetar - MASMI BEOGRAD","og_description":"Willing and available respondents are vital to the success of any consumer research project. Online panels are pre-profiled and pre-recruited so when you conduct online panel research, you know your target audience is ready and waiting to answer your questions. This means your research will be: Quick and easy High quality Cost effective Online panel [&hellip;]","og_url":"https:\/\/masmi.rs\/en\/masmimetar\/","og_site_name":"MASMI BEOGRAD","og_image":[{"url":"http:\/\/masmi.rs\/wp-content\/uploads\/2014\/10\/mme-i1.png"}],"twitter_misc":{"Est. reading time":"2 minutes"},"schema":{"@context":"https:\/\/schema.org","@graph":[{"@type":"Organization","@id":"https:\/\/masmi.rs\/#organization","name":"MASMI Beograd","url":"https:\/\/masmi.rs\/","sameAs":[],"logo":{"@type":"ImageObject","@id":"https:\/\/masmi.rs\/#logo","inLanguage":"en-US","url":"https:\/\/masmi.rs\/wp-content\/uploads\/2017\/11\/FB_profile-pic.png","contentUrl":"https:\/\/masmi.rs\/wp-content\/uploads\/2017\/11\/FB_profile-pic.png","width":372,"height":372,"caption":"MASMI Beograd"},"image":{"@id":"https:\/\/masmi.rs\/#logo"}},{"@type":"WebSite","@id":"https:\/\/masmi.rs\/#website","url":"https:\/\/masmi.rs\/","name":"MASMI BEOGRAD","description":"Agencija za istra\u017eivanje tr\u017ei\u0161ta","publisher":{"@id":"https:\/\/masmi.rs\/#organization"},"potentialAction":[{"@type":"SearchAction","target":{"@type":"EntryPoint","urlTemplate":"https:\/\/masmi.rs\/?s={search_term_string}"},"query-input":"required name=search_term_string"}],"inLanguage":"en-US"},{"@type":"ImageObject","@id":"https:\/\/masmi.rs\/en\/masmimetar\/#primaryimage","inLanguage":"en-US","url":"http:\/\/masmi.rs\/wp-content\/uploads\/2014\/10\/mme-i1.png","contentUrl":"http:\/\/masmi.rs\/wp-content\/uploads\/2014\/10\/mme-i1.png"},{"@type":"WebPage","@id":"https:\/\/masmi.rs\/en\/masmimetar\/#webpage","url":"https:\/\/masmi.rs\/en\/masmimetar\/","name":"MASMImetar - MASMI BEOGRAD","isPartOf":{"@id":"https:\/\/masmi.rs\/#website"},"primaryImageOfPage":{"@id":"https:\/\/masmi.rs\/en\/masmimetar\/#primaryimage"},"datePublished":"2018-09-20T16:28:15+00:00","dateModified":"2018-09-20T16:28:15+00:00","breadcrumb":{"@id":"https:\/\/masmi.rs\/en\/masmimetar\/#breadcrumb"},"inLanguage":"en-US","potentialAction":[{"@type":"ReadAction","target":["https:\/\/masmi.rs\/en\/masmimetar\/"]}]},{"@type":"BreadcrumbList","@id":"https:\/\/masmi.rs\/en\/masmimetar\/#breadcrumb","itemListElement":[{"@type":"ListItem","position":1,"name":"MASMImetar"}]}]}},"_links":{"self":[{"href":"https:\/\/masmi.rs\/en\/wp-json\/wp\/v2\/pages\/2725"}],"collection":[{"href":"https:\/\/masmi.rs\/en\/wp-json\/wp\/v2\/pages"}],"about":[{"href":"https:\/\/masmi.rs\/en\/wp-json\/wp\/v2\/types\/page"}],"author":[{"embeddable":true,"href":"https:\/\/masmi.rs\/en\/wp-json\/wp\/v2\/users\/1"}],"replies":[{"embeddable":true,"href":"https:\/\/masmi.rs\/en\/wp-json\/wp\/v2\/comments?post=2725"}],"version-history":[{"count":3,"href":"https:\/\/masmi.rs\/en\/wp-json\/wp\/v2\/pages\/2725\/revisions"}],"predecessor-version":[{"id":2728,"href":"https:\/\/masmi.rs\/en\/wp-json\/wp\/v2\/pages\/2725\/revisions\/2728"}],"wp:attachment":[{"href":"https:\/\/masmi.rs\/en\/wp-json\/wp\/v2\/media?parent=2725"}],"curies":[{"name":"wp","href":"https:\/\/api.w.org\/{rel}","templated":true}]}}