{"id":2676,"date":"2018-09-11T18:54:19","date_gmt":"2018-09-11T16:54:19","guid":{"rendered":"http:\/\/masmi.rs\/?page_id=2676"},"modified":"2018-09-11T18:54:19","modified_gmt":"2018-09-11T16:54:19","slug":"digital-research","status":"publish","type":"page","link":"https:\/\/masmi.rs\/en\/research-types\/digital-research\/","title":{"rendered":"Digital Research"},"content":{"rendered":"<p>[et_pb_section bb_built=&#8221;1&#8243; inner_shadow=&#8221;on&#8221; _builder_version=&#8221;3.0.69&#8243; background_color=&#8221;#00a6e4&#8243; custom_padding=&#8221;15px||15px|15px&#8221; next_background_color=&#8221;#ffffff&#8221;][et_pb_row custom_margin=&#8221;||0px|&#8221; background_position_1=&#8221;top_left&#8221; background_repeat_1=&#8221;no-repeat&#8221; _builder_version=&#8221;3.0.69&#8243;][et_pb_column type=&#8221;4_4&#8243;][et_pb_post_title meta=&#8221;off&#8221; featured_image=&#8221;off&#8221; text_color=&#8221;light&#8221; _builder_version=&#8221;3.0.69&#8243; title_font_size=&#8221;28px&#8221; border_style=&#8221;solid&#8221;]<br \/>\n[\/et_pb_post_title][\/et_pb_column][\/et_pb_row][\/et_pb_section][et_pb_section bb_built=&#8221;1&#8243; specialty=&#8221;on&#8221; _builder_version=&#8221;3.3.1&#8243; custom_padding=&#8221;15px|0px|21px|0px|false|false&#8221; prev_background_color=&#8221;#00a6e4&#8243;][et_pb_column type=&#8221;2_3&#8243; specialty_columns=&#8221;2&#8243;][et_pb_row_inner _builder_version=&#8221;3.3.1&#8243; custom_padding=&#8221;28.8281px|0px|18px|0px|false|false&#8221;][et_pb_column_inner type=&#8221;4_4&#8243; saved_specialty_column_type=&#8221;2_3&#8243;][et_pb_image src=&#8221;http:\/\/masmi.rs\/wp-content\/uploads\/2014\/04\/Election-Result-256.png&#8221; align=&#8221;center&#8221; _builder_version=&#8221;3.3.1&#8243; max_width=&#8221;30%&#8221; module_alignment=&#8221;center&#8221;]<br \/>\n[\/et_pb_image][et_pb_text _builder_version=&#8221;3.14&#8243;]<\/p>\n<h4>Marketing research 2.0<\/h4>\n<p>Market research services are undergoing turbulent changes caused by the emergence of new data collection techniques on the one hand, and increasingly limited research budgets on the other.<br \/>\nThese trends resulted in advancement of quantitative and qualitative methods using tools for more efficient and cost effective data collection, overcoming geographical barriers and facilitating recruitment of target groups which are difficult to reach.<\/p>\n<p>&nbsp;<\/p>\n<h4>Into more detail<\/h4>\n<p>Relying on the main principles of the focus group as a research technique, using the model of Internet communications and social networks, market research company MASMI has developed a platform for qualitative on-line research, entitled\u00a0<a title=\"MASMI Web Forum\" href=\"http:\/\/www.masmi.rs\/project\/masmi-web-forum-2\/\"><strong>MASMI Web Forum<\/strong><\/a>.<\/p>\n<p>This qualitative methodology is based on a platform which is rather similar to the omnipresent form of social networks \u2013 respondents in a research are members of a closed Internet community, engaged to discuss on a given topic. Similarly to standard focus groups, the moderator informs the respondents about the topic for discussion, asks questions, and stimulates exchange of opinions among the participants. Unlike traditional focus groups, in which respondents are gathered in one room, participants in MASMI Web Forum join the discussion at different times, whenever it suits them, from their home, office, or any other place by their telephones. The number of participants in discussions held at MASMI Web Forum, which lasts between 3 and 10 days, mostly amounts to 10 \u2013 25. In case a continual, multi-stage research is needed, such Internet communities may last up to several months.<\/p>\n<p>[\/et_pb_text][\/et_pb_column_inner][\/et_pb_row_inner][\/et_pb_column][et_pb_column type=&#8221;1_3&#8243;][et_pb_sidebar orientation=&#8221;right&#8221; area=&#8221;sidebar-1&#8243; show_border=&#8221;off&#8221; _builder_version=&#8221;3.3.1&#8243; background_layout=&#8221;dark&#8221;]<br \/>\n[\/et_pb_sidebar][\/et_pb_column][\/et_pb_section]<\/p>\n","protected":false},"excerpt":{"rendered":"<p>Marketing research 2.0 Market research services are undergoing turbulent changes caused by the emergence of new data collection techniques on the one hand, and increasingly limited research budgets on the other. These trends resulted in advancement of quantitative and qualitative methods using tools for more efficient and cost effective data collection, overcoming geographical barriers and [&hellip;]<\/p>\n","protected":false},"author":1,"featured_media":0,"parent":1519,"menu_order":0,"comment_status":"closed","ping_status":"closed","template":"","meta":{"_et_pb_use_builder":"on","_et_pb_old_content":"","_et_gb_content_width":"","_monsterinsights_skip_tracking":false,"_monsterinsights_sitenote_active":false,"_monsterinsights_sitenote_note":"","_monsterinsights_sitenote_category":0,"footnotes":""},"yoast_head":"<!-- This site is optimized with the Yoast SEO plugin v18.0 - https:\/\/yoast.com\/wordpress\/plugins\/seo\/ -->\n<title>Digital Research - MASMI BEOGRAD<\/title>\n<meta name=\"robots\" content=\"index, follow, max-snippet:-1, max-image-preview:large, max-video-preview:-1\" \/>\n<link rel=\"canonical\" href=\"https:\/\/masmi.rs\/en\/research-types\/digital-research\/\" \/>\n<meta property=\"og:locale\" content=\"en_US\" \/>\n<meta property=\"og:type\" content=\"article\" \/>\n<meta property=\"og:title\" content=\"Digital Research - MASMI BEOGRAD\" \/>\n<meta property=\"og:description\" content=\"Marketing research 2.0 Market research services are undergoing turbulent changes caused by the emergence of new data collection techniques on the one hand, and increasingly limited research budgets on the other. These trends resulted in advancement of quantitative and qualitative methods using tools for more efficient and cost effective data collection, overcoming geographical barriers and [&hellip;]\" \/>\n<meta property=\"og:url\" content=\"https:\/\/masmi.rs\/en\/research-types\/digital-research\/\" \/>\n<meta property=\"og:site_name\" content=\"MASMI BEOGRAD\" \/>\n<meta name=\"twitter:label1\" content=\"Est. reading time\" \/>\n\t<meta name=\"twitter:data1\" content=\"2 minutes\" \/>\n<script type=\"application\/ld+json\" class=\"yoast-schema-graph\">{\"@context\":\"https:\/\/schema.org\",\"@graph\":[{\"@type\":\"Organization\",\"@id\":\"https:\/\/masmi.rs\/#organization\",\"name\":\"MASMI Beograd\",\"url\":\"https:\/\/masmi.rs\/\",\"sameAs\":[],\"logo\":{\"@type\":\"ImageObject\",\"@id\":\"https:\/\/masmi.rs\/#logo\",\"inLanguage\":\"en-US\",\"url\":\"https:\/\/masmi.rs\/wp-content\/uploads\/2017\/11\/FB_profile-pic.png\",\"contentUrl\":\"https:\/\/masmi.rs\/wp-content\/uploads\/2017\/11\/FB_profile-pic.png\",\"width\":372,\"height\":372,\"caption\":\"MASMI Beograd\"},\"image\":{\"@id\":\"https:\/\/masmi.rs\/#logo\"}},{\"@type\":\"WebSite\",\"@id\":\"https:\/\/masmi.rs\/#website\",\"url\":\"https:\/\/masmi.rs\/\",\"name\":\"MASMI BEOGRAD\",\"description\":\"Agencija za istra\u017eivanje tr\u017ei\u0161ta\",\"publisher\":{\"@id\":\"https:\/\/masmi.rs\/#organization\"},\"potentialAction\":[{\"@type\":\"SearchAction\",\"target\":{\"@type\":\"EntryPoint\",\"urlTemplate\":\"https:\/\/masmi.rs\/?s={search_term_string}\"},\"query-input\":\"required name=search_term_string\"}],\"inLanguage\":\"en-US\"},{\"@type\":\"WebPage\",\"@id\":\"https:\/\/masmi.rs\/en\/research-types\/digital-research\/#webpage\",\"url\":\"https:\/\/masmi.rs\/en\/research-types\/digital-research\/\",\"name\":\"Digital Research - MASMI BEOGRAD\",\"isPartOf\":{\"@id\":\"https:\/\/masmi.rs\/#website\"},\"datePublished\":\"2018-09-11T16:54:19+00:00\",\"dateModified\":\"2018-09-11T16:54:19+00:00\",\"breadcrumb\":{\"@id\":\"https:\/\/masmi.rs\/en\/research-types\/digital-research\/#breadcrumb\"},\"inLanguage\":\"en-US\",\"potentialAction\":[{\"@type\":\"ReadAction\",\"target\":[\"https:\/\/masmi.rs\/en\/research-types\/digital-research\/\"]}]},{\"@type\":\"BreadcrumbList\",\"@id\":\"https:\/\/masmi.rs\/en\/research-types\/digital-research\/#breadcrumb\",\"itemListElement\":[{\"@type\":\"ListItem\",\"position\":1,\"name\":\"Research Types\",\"item\":\"https:\/\/masmi.rs\/en\/research-types\/\"},{\"@type\":\"ListItem\",\"position\":2,\"name\":\"Digital Research\"}]}]}<\/script>\n<!-- \/ Yoast SEO plugin. -->","yoast_head_json":{"title":"Digital Research - MASMI BEOGRAD","robots":{"index":"index","follow":"follow","max-snippet":"max-snippet:-1","max-image-preview":"max-image-preview:large","max-video-preview":"max-video-preview:-1"},"canonical":"https:\/\/masmi.rs\/en\/research-types\/digital-research\/","og_locale":"en_US","og_type":"article","og_title":"Digital Research - MASMI BEOGRAD","og_description":"Marketing research 2.0 Market research services are undergoing turbulent changes caused by the emergence of new data collection techniques on the one hand, and increasingly limited research budgets on the other. These trends resulted in advancement of quantitative and qualitative methods using tools for more efficient and cost effective data collection, overcoming geographical barriers and [&hellip;]","og_url":"https:\/\/masmi.rs\/en\/research-types\/digital-research\/","og_site_name":"MASMI BEOGRAD","twitter_misc":{"Est. reading time":"2 minutes"},"schema":{"@context":"https:\/\/schema.org","@graph":[{"@type":"Organization","@id":"https:\/\/masmi.rs\/#organization","name":"MASMI Beograd","url":"https:\/\/masmi.rs\/","sameAs":[],"logo":{"@type":"ImageObject","@id":"https:\/\/masmi.rs\/#logo","inLanguage":"en-US","url":"https:\/\/masmi.rs\/wp-content\/uploads\/2017\/11\/FB_profile-pic.png","contentUrl":"https:\/\/masmi.rs\/wp-content\/uploads\/2017\/11\/FB_profile-pic.png","width":372,"height":372,"caption":"MASMI Beograd"},"image":{"@id":"https:\/\/masmi.rs\/#logo"}},{"@type":"WebSite","@id":"https:\/\/masmi.rs\/#website","url":"https:\/\/masmi.rs\/","name":"MASMI BEOGRAD","description":"Agencija za istra\u017eivanje tr\u017ei\u0161ta","publisher":{"@id":"https:\/\/masmi.rs\/#organization"},"potentialAction":[{"@type":"SearchAction","target":{"@type":"EntryPoint","urlTemplate":"https:\/\/masmi.rs\/?s={search_term_string}"},"query-input":"required name=search_term_string"}],"inLanguage":"en-US"},{"@type":"WebPage","@id":"https:\/\/masmi.rs\/en\/research-types\/digital-research\/#webpage","url":"https:\/\/masmi.rs\/en\/research-types\/digital-research\/","name":"Digital Research - MASMI BEOGRAD","isPartOf":{"@id":"https:\/\/masmi.rs\/#website"},"datePublished":"2018-09-11T16:54:19+00:00","dateModified":"2018-09-11T16:54:19+00:00","breadcrumb":{"@id":"https:\/\/masmi.rs\/en\/research-types\/digital-research\/#breadcrumb"},"inLanguage":"en-US","potentialAction":[{"@type":"ReadAction","target":["https:\/\/masmi.rs\/en\/research-types\/digital-research\/"]}]},{"@type":"BreadcrumbList","@id":"https:\/\/masmi.rs\/en\/research-types\/digital-research\/#breadcrumb","itemListElement":[{"@type":"ListItem","position":1,"name":"Research Types","item":"https:\/\/masmi.rs\/en\/research-types\/"},{"@type":"ListItem","position":2,"name":"Digital Research"}]}]}},"_links":{"self":[{"href":"https:\/\/masmi.rs\/en\/wp-json\/wp\/v2\/pages\/2676"}],"collection":[{"href":"https:\/\/masmi.rs\/en\/wp-json\/wp\/v2\/pages"}],"about":[{"href":"https:\/\/masmi.rs\/en\/wp-json\/wp\/v2\/types\/page"}],"author":[{"embeddable":true,"href":"https:\/\/masmi.rs\/en\/wp-json\/wp\/v2\/users\/1"}],"replies":[{"embeddable":true,"href":"https:\/\/masmi.rs\/en\/wp-json\/wp\/v2\/comments?post=2676"}],"version-history":[{"count":2,"href":"https:\/\/masmi.rs\/en\/wp-json\/wp\/v2\/pages\/2676\/revisions"}],"predecessor-version":[{"id":2678,"href":"https:\/\/masmi.rs\/en\/wp-json\/wp\/v2\/pages\/2676\/revisions\/2678"}],"up":[{"embeddable":true,"href":"https:\/\/masmi.rs\/en\/wp-json\/wp\/v2\/pages\/1519"}],"wp:attachment":[{"href":"https:\/\/masmi.rs\/en\/wp-json\/wp\/v2\/media?parent=2676"}],"curies":[{"name":"wp","href":"https:\/\/api.w.org\/{rel}","templated":true}]}}