{"id":2669,"date":"2018-09-11T18:47:19","date_gmt":"2018-09-11T16:47:19","guid":{"rendered":"http:\/\/masmi.rs\/?page_id=2669"},"modified":"2018-09-11T18:47:19","modified_gmt":"2018-09-11T16:47:19","slug":"mystery-shopping","status":"publish","type":"page","link":"https:\/\/masmi.rs\/en\/methodology\/mystery-shopping\/","title":{"rendered":"Mystery Shopping"},"content":{"rendered":"<p>[et_pb_section bb_built=&#8221;1&#8243; inner_shadow=&#8221;on&#8221; _builder_version=&#8221;3.0.69&#8243; background_color=&#8221;#00a6e4&#8243; custom_padding=&#8221;15px||15px|15px&#8221; next_background_color=&#8221;#ffffff&#8221;][et_pb_row custom_margin=&#8221;||0px|&#8221; background_position_1=&#8221;top_left&#8221; background_repeat_1=&#8221;no-repeat&#8221; _builder_version=&#8221;3.0.69&#8243;][et_pb_column type=&#8221;4_4&#8243;][et_pb_post_title meta=&#8221;off&#8221; featured_image=&#8221;off&#8221; text_color=&#8221;light&#8221; _builder_version=&#8221;3.0.69&#8243; title_font_size=&#8221;28px&#8221; border_style=&#8221;solid&#8221; \/][\/et_pb_column][\/et_pb_row][\/et_pb_section][et_pb_section bb_built=&#8221;1&#8243; specialty=&#8221;on&#8221; _builder_version=&#8221;3.0.47&#8243; custom_padding=&#8221;15px|0px|15px|0px|false|false&#8221; prev_background_color=&#8221;#00a6e4&#8243;][et_pb_column type=&#8221;2_3&#8243; specialty_columns=&#8221;2&#8243;][et_pb_row_inner admin_label=&#8221;Red&#8221; _builder_version=&#8221;3.0.47&#8243;][et_pb_column_inner type=&#8221;4_4&#8243; saved_specialty_column_type=&#8221;2_3&#8243;][et_pb_image src=&#8221;http:\/\/masmi.rs\/wp-content\/uploads\/2014\/07\/ms-i1.jpg&#8221; align=&#8221;center&#8221; _builder_version=&#8221;3.3.1&#8243; max_width=&#8221;90%&#8221; module_alignment=&#8221;center&#8221; \/][et_pb_text _builder_version=&#8221;3.14&#8243;]<\/p>\n<p><span style=\"color: #3366ff;\">Would you be interested in improving your customer service?<\/span><\/p>\n<p>No company can afford to have a gap between the promise of quality and actual delivery.<\/p>\n<p>MASMI Mystery Shopping team measures, evaluates and reports level of customer service quality, using Mystery Shopping agents acting as if they were real customers.<\/p>\n<p>It is considered the fastest and most effective method of obtaining hard objective management data about customer service levels.<\/p>\n<p>MASMI Belgrade is a member of <a title=\"MSPA Europe\" href=\"http:\/\/www.mspa-eu.org\/en\/search-mspa-companies.html?company=Company&amp;mainregion=0&amp;region=0&amp;served=SP&amp;pais=0&amp;industria=0&amp;servico=0\" target=\"_blank\" rel=\"noopener\">MSPA Europe (Mystery Shopping Providers Association)<\/a>.<\/p>\n<p><img loading=\"lazy\" decoding=\"async\" class=\"aligncenter size-full wp-image-1788\" src=\"http:\/\/masmi.rs\/wp-content\/uploads\/2014\/08\/mse-i1.png\" alt=\"mystery shopper metholodogy\" width=\"562\" height=\"396\" srcset=\"https:\/\/masmi.rs\/wp-content\/uploads\/2014\/08\/mse-i1.png 562w, https:\/\/masmi.rs\/wp-content\/uploads\/2014\/08\/mse-i1-300x211.png 300w\" sizes=\"(max-width: 562px) 100vw, 562px\" \/><\/p>\n<div class=\"et_pb_text et_pb_bg_layout_light et_pb_text_align_left\">\n<p>When you need to know what is happening in the SHOPPING location. When you need to measure, rate and report about the customer service standard.<\/p>\n<p>Secret shoppers will simulate real life shopping conditions, and you will discover which elements of customer service should be maintained and which improved.<\/p>\n<\/div>\n<p>[\/et_pb_text][\/et_pb_column_inner][\/et_pb_row_inner][\/et_pb_column][et_pb_column type=&#8221;1_3&#8243;][et_pb_sidebar orientation=&#8221;right&#8221; area=&#8221;sidebar-1&#8243; show_border=&#8221;off&#8221; _builder_version=&#8221;3.3.1&#8243; background_layout=&#8221;dark&#8221; \/][\/et_pb_column][\/et_pb_section]<\/p>\n","protected":false},"excerpt":{"rendered":"<p>Would you be interested in improving your customer service? No company can afford to have a gap between the promise of quality and actual delivery. MASMI Mystery Shopping team measures, evaluates and reports level of customer service quality, using Mystery Shopping agents acting as if they were real customers. It is considered the fastest and [&hellip;]<\/p>\n","protected":false},"author":1,"featured_media":0,"parent":1526,"menu_order":0,"comment_status":"closed","ping_status":"closed","template":"","meta":{"_et_pb_use_builder":"on","_et_pb_old_content":"","_et_gb_content_width":"","_monsterinsights_skip_tracking":false,"_monsterinsights_sitenote_active":false,"_monsterinsights_sitenote_note":"","_monsterinsights_sitenote_category":0,"footnotes":""},"yoast_head":"<!-- This site is optimized with the Yoast SEO plugin v18.0 - https:\/\/yoast.com\/wordpress\/plugins\/seo\/ -->\n<title>Mystery Shopping - MASMI BEOGRAD<\/title>\n<meta name=\"robots\" content=\"index, follow, max-snippet:-1, max-image-preview:large, max-video-preview:-1\" \/>\n<link rel=\"canonical\" href=\"https:\/\/masmi.rs\/en\/methodology\/mystery-shopping\/\" \/>\n<meta property=\"og:locale\" content=\"en_US\" \/>\n<meta property=\"og:type\" content=\"article\" \/>\n<meta property=\"og:title\" content=\"Mystery Shopping - MASMI BEOGRAD\" \/>\n<meta property=\"og:description\" content=\"Would you be interested in improving your customer service? No company can afford to have a gap between the promise of quality and actual delivery. MASMI Mystery Shopping team measures, evaluates and reports level of customer service quality, using Mystery Shopping agents acting as if they were real customers. It is considered the fastest and [&hellip;]\" \/>\n<meta property=\"og:url\" content=\"https:\/\/masmi.rs\/en\/methodology\/mystery-shopping\/\" \/>\n<meta property=\"og:site_name\" content=\"MASMI BEOGRAD\" \/>\n<meta property=\"og:image\" content=\"http:\/\/masmi.rs\/wp-content\/uploads\/2014\/08\/mse-i1.png\" \/>\n<meta name=\"twitter:label1\" content=\"Est. reading time\" \/>\n\t<meta name=\"twitter:data1\" content=\"2 minutes\" \/>\n<script type=\"application\/ld+json\" class=\"yoast-schema-graph\">{\"@context\":\"https:\/\/schema.org\",\"@graph\":[{\"@type\":\"Organization\",\"@id\":\"https:\/\/masmi.rs\/#organization\",\"name\":\"MASMI Beograd\",\"url\":\"https:\/\/masmi.rs\/\",\"sameAs\":[],\"logo\":{\"@type\":\"ImageObject\",\"@id\":\"https:\/\/masmi.rs\/#logo\",\"inLanguage\":\"en-US\",\"url\":\"https:\/\/masmi.rs\/wp-content\/uploads\/2017\/11\/FB_profile-pic.png\",\"contentUrl\":\"https:\/\/masmi.rs\/wp-content\/uploads\/2017\/11\/FB_profile-pic.png\",\"width\":372,\"height\":372,\"caption\":\"MASMI Beograd\"},\"image\":{\"@id\":\"https:\/\/masmi.rs\/#logo\"}},{\"@type\":\"WebSite\",\"@id\":\"https:\/\/masmi.rs\/#website\",\"url\":\"https:\/\/masmi.rs\/\",\"name\":\"MASMI BEOGRAD\",\"description\":\"Agencija za istra\u017eivanje tr\u017ei\u0161ta\",\"publisher\":{\"@id\":\"https:\/\/masmi.rs\/#organization\"},\"potentialAction\":[{\"@type\":\"SearchAction\",\"target\":{\"@type\":\"EntryPoint\",\"urlTemplate\":\"https:\/\/masmi.rs\/?s={search_term_string}\"},\"query-input\":\"required name=search_term_string\"}],\"inLanguage\":\"en-US\"},{\"@type\":\"ImageObject\",\"@id\":\"https:\/\/masmi.rs\/en\/methodology\/mystery-shopping\/#primaryimage\",\"inLanguage\":\"en-US\",\"url\":\"http:\/\/masmi.rs\/wp-content\/uploads\/2014\/08\/mse-i1.png\",\"contentUrl\":\"http:\/\/masmi.rs\/wp-content\/uploads\/2014\/08\/mse-i1.png\"},{\"@type\":\"WebPage\",\"@id\":\"https:\/\/masmi.rs\/en\/methodology\/mystery-shopping\/#webpage\",\"url\":\"https:\/\/masmi.rs\/en\/methodology\/mystery-shopping\/\",\"name\":\"Mystery Shopping - MASMI BEOGRAD\",\"isPartOf\":{\"@id\":\"https:\/\/masmi.rs\/#website\"},\"primaryImageOfPage\":{\"@id\":\"https:\/\/masmi.rs\/en\/methodology\/mystery-shopping\/#primaryimage\"},\"datePublished\":\"2018-09-11T16:47:19+00:00\",\"dateModified\":\"2018-09-11T16:47:19+00:00\",\"breadcrumb\":{\"@id\":\"https:\/\/masmi.rs\/en\/methodology\/mystery-shopping\/#breadcrumb\"},\"inLanguage\":\"en-US\",\"potentialAction\":[{\"@type\":\"ReadAction\",\"target\":[\"https:\/\/masmi.rs\/en\/methodology\/mystery-shopping\/\"]}]},{\"@type\":\"BreadcrumbList\",\"@id\":\"https:\/\/masmi.rs\/en\/methodology\/mystery-shopping\/#breadcrumb\",\"itemListElement\":[{\"@type\":\"ListItem\",\"position\":1,\"name\":\"Methodologies\",\"item\":\"https:\/\/masmi.rs\/en\/methodology\/\"},{\"@type\":\"ListItem\",\"position\":2,\"name\":\"Mystery Shopping\"}]}]}<\/script>\n<!-- \/ Yoast SEO plugin. -->","yoast_head_json":{"title":"Mystery Shopping - MASMI BEOGRAD","robots":{"index":"index","follow":"follow","max-snippet":"max-snippet:-1","max-image-preview":"max-image-preview:large","max-video-preview":"max-video-preview:-1"},"canonical":"https:\/\/masmi.rs\/en\/methodology\/mystery-shopping\/","og_locale":"en_US","og_type":"article","og_title":"Mystery Shopping - MASMI BEOGRAD","og_description":"Would you be interested in improving your customer service? No company can afford to have a gap between the promise of quality and actual delivery. MASMI Mystery Shopping team measures, evaluates and reports level of customer service quality, using Mystery Shopping agents acting as if they were real customers. It is considered the fastest and [&hellip;]","og_url":"https:\/\/masmi.rs\/en\/methodology\/mystery-shopping\/","og_site_name":"MASMI BEOGRAD","og_image":[{"url":"http:\/\/masmi.rs\/wp-content\/uploads\/2014\/08\/mse-i1.png"}],"twitter_misc":{"Est. reading time":"2 minutes"},"schema":{"@context":"https:\/\/schema.org","@graph":[{"@type":"Organization","@id":"https:\/\/masmi.rs\/#organization","name":"MASMI Beograd","url":"https:\/\/masmi.rs\/","sameAs":[],"logo":{"@type":"ImageObject","@id":"https:\/\/masmi.rs\/#logo","inLanguage":"en-US","url":"https:\/\/masmi.rs\/wp-content\/uploads\/2017\/11\/FB_profile-pic.png","contentUrl":"https:\/\/masmi.rs\/wp-content\/uploads\/2017\/11\/FB_profile-pic.png","width":372,"height":372,"caption":"MASMI Beograd"},"image":{"@id":"https:\/\/masmi.rs\/#logo"}},{"@type":"WebSite","@id":"https:\/\/masmi.rs\/#website","url":"https:\/\/masmi.rs\/","name":"MASMI BEOGRAD","description":"Agencija za istra\u017eivanje tr\u017ei\u0161ta","publisher":{"@id":"https:\/\/masmi.rs\/#organization"},"potentialAction":[{"@type":"SearchAction","target":{"@type":"EntryPoint","urlTemplate":"https:\/\/masmi.rs\/?s={search_term_string}"},"query-input":"required name=search_term_string"}],"inLanguage":"en-US"},{"@type":"ImageObject","@id":"https:\/\/masmi.rs\/en\/methodology\/mystery-shopping\/#primaryimage","inLanguage":"en-US","url":"http:\/\/masmi.rs\/wp-content\/uploads\/2014\/08\/mse-i1.png","contentUrl":"http:\/\/masmi.rs\/wp-content\/uploads\/2014\/08\/mse-i1.png"},{"@type":"WebPage","@id":"https:\/\/masmi.rs\/en\/methodology\/mystery-shopping\/#webpage","url":"https:\/\/masmi.rs\/en\/methodology\/mystery-shopping\/","name":"Mystery Shopping - MASMI BEOGRAD","isPartOf":{"@id":"https:\/\/masmi.rs\/#website"},"primaryImageOfPage":{"@id":"https:\/\/masmi.rs\/en\/methodology\/mystery-shopping\/#primaryimage"},"datePublished":"2018-09-11T16:47:19+00:00","dateModified":"2018-09-11T16:47:19+00:00","breadcrumb":{"@id":"https:\/\/masmi.rs\/en\/methodology\/mystery-shopping\/#breadcrumb"},"inLanguage":"en-US","potentialAction":[{"@type":"ReadAction","target":["https:\/\/masmi.rs\/en\/methodology\/mystery-shopping\/"]}]},{"@type":"BreadcrumbList","@id":"https:\/\/masmi.rs\/en\/methodology\/mystery-shopping\/#breadcrumb","itemListElement":[{"@type":"ListItem","position":1,"name":"Methodologies","item":"https:\/\/masmi.rs\/en\/methodology\/"},{"@type":"ListItem","position":2,"name":"Mystery Shopping"}]}]}},"_links":{"self":[{"href":"https:\/\/masmi.rs\/en\/wp-json\/wp\/v2\/pages\/2669"}],"collection":[{"href":"https:\/\/masmi.rs\/en\/wp-json\/wp\/v2\/pages"}],"about":[{"href":"https:\/\/masmi.rs\/en\/wp-json\/wp\/v2\/types\/page"}],"author":[{"embeddable":true,"href":"https:\/\/masmi.rs\/en\/wp-json\/wp\/v2\/users\/1"}],"replies":[{"embeddable":true,"href":"https:\/\/masmi.rs\/en\/wp-json\/wp\/v2\/comments?post=2669"}],"version-history":[{"count":2,"href":"https:\/\/masmi.rs\/en\/wp-json\/wp\/v2\/pages\/2669\/revisions"}],"predecessor-version":[{"id":2671,"href":"https:\/\/masmi.rs\/en\/wp-json\/wp\/v2\/pages\/2669\/revisions\/2671"}],"up":[{"embeddable":true,"href":"https:\/\/masmi.rs\/en\/wp-json\/wp\/v2\/pages\/1526"}],"wp:attachment":[{"href":"https:\/\/masmi.rs\/en\/wp-json\/wp\/v2\/media?parent=2669"}],"curies":[{"name":"wp","href":"https:\/\/api.w.org\/{rel}","templated":true}]}}