{"id":2666,"date":"2018-09-11T18:40:46","date_gmt":"2018-09-11T16:40:46","guid":{"rendered":"http:\/\/masmi.rs\/?page_id=2666"},"modified":"2018-09-21T17:44:15","modified_gmt":"2018-09-21T15:44:15","slug":"desk-research","status":"publish","type":"page","link":"https:\/\/masmi.rs\/en\/methodology\/desk-research\/","title":{"rendered":"Desk research"},"content":{"rendered":"<p>[et_pb_section bb_built=&#8221;1&#8243; fullwidth=&#8221;off&#8221; specialty=&#8221;off&#8221; _builder_version=&#8221;3.0.69&#8243; background_color=&#8221;#00a6e4&#8243; inner_shadow=&#8221;on&#8221; custom_padding=&#8221;15px||15px|15px&#8221; next_background_color=&#8221;#ffffff&#8221;][et_pb_row _builder_version=&#8221;3.0.69&#8243; background_position_1=&#8221;top_left&#8221; background_repeat_1=&#8221;no-repeat&#8221; custom_margin=&#8221;||0px|&#8221;][et_pb_column type=&#8221;4_4&#8243;][et_pb_post_title _builder_version=&#8221;3.0.69&#8243; title=&#8221;on&#8221; meta=&#8221;off&#8221; author=&#8221;on&#8221; date=&#8221;on&#8221; categories=&#8221;on&#8221; comments=&#8221;on&#8221; featured_image=&#8221;off&#8221; featured_placement=&#8221;below&#8221; parallax_method=&#8221;on&#8221; text_orientation=&#8221;left&#8221; text_color=&#8221;light&#8221; text_background=&#8221;off&#8221; title_font_size=&#8221;28px&#8221; border_style=&#8221;solid&#8221; \/][\/et_pb_column][\/et_pb_row][\/et_pb_section][et_pb_section bb_built=&#8221;1&#8243; fullwidth=&#8221;off&#8221; specialty=&#8221;on&#8221; prev_background_color=&#8221;#00a6e4&#8243;][et_pb_column type=&#8221;2_3&#8243; specialty_columns=&#8221;2&#8243;][et_pb_row_inner admin_label=&#8221;Red&#8221;][et_pb_column_inner type=&#8221;4_4&#8243; saved_specialty_column_type=&#8221;2_3&#8243;][et_pb_image _builder_version=&#8221;3.3.1&#8243; src=&#8221;http:\/\/masmi.rs\/wp-content\/uploads\/2014\/07\/d1-i1.png&#8221; module_alignment=&#8221;center&#8221; align=&#8221;center&#8221; max_width=&#8221;90%&#8221; \/][et_pb_text _builder_version=&#8221;3.14&#8243;]<\/p>\n<p><span style=\"color: #3366ff;\">If the data you need already exist, we don\u2019t need to reinvent the wheel.<\/span><\/p>\n<p>Existing (\u2018secondary\u2019) data is an important source of information about market conditions, industry sectors, competitors and consumers. Internet, industry databases, public analytical reports and statistical publications offer a wide range of relevant business information.<\/p>\n<p>Desk can be a stand-alone research or the initial stage of a primary market research.<\/p>\n<p>[\/et_pb_text][\/et_pb_column_inner][\/et_pb_row_inner][\/et_pb_column][et_pb_column type=&#8221;1_3&#8243;][et_pb_sidebar _builder_version=&#8221;3.3.1&#8243; area=&#8221;sidebar-1&#8243; orientation=&#8221;right&#8221; show_border=&#8221;off&#8221; background_layout=&#8221;dark&#8221; \/][\/et_pb_column][\/et_pb_section]<\/p>\n","protected":false},"excerpt":{"rendered":"<p>If the data you need already exist, we don\u2019t need to reinvent the wheel. Existing (\u2018secondary\u2019) data is an important source of information about market conditions, industry sectors, competitors and consumers. Internet, industry databases, public analytical reports and statistical publications offer a wide range of relevant business information. Desk can be a stand-alone research or [&hellip;]<\/p>\n","protected":false},"author":1,"featured_media":0,"parent":1526,"menu_order":0,"comment_status":"closed","ping_status":"closed","template":"","meta":{"_et_pb_use_builder":"on","_et_pb_old_content":"","_et_gb_content_width":"","_monsterinsights_skip_tracking":false,"_monsterinsights_sitenote_active":false,"_monsterinsights_sitenote_note":"","_monsterinsights_sitenote_category":0,"footnotes":""},"yoast_head":"<!-- This site is optimized with the Yoast SEO plugin v18.0 - https:\/\/yoast.com\/wordpress\/plugins\/seo\/ -->\n<title>Desk research - MASMI BEOGRAD<\/title>\n<meta name=\"description\" content=\"Existing (\u2018secondary\u2019) data is an important source of information about market conditions, industry sectors, competitors and consumers.\" \/>\n<meta name=\"robots\" content=\"index, follow, max-snippet:-1, max-image-preview:large, max-video-preview:-1\" \/>\n<link rel=\"canonical\" href=\"https:\/\/masmi.rs\/en\/methodology\/desk-research\/\" \/>\n<meta property=\"og:locale\" content=\"en_US\" \/>\n<meta property=\"og:type\" content=\"article\" \/>\n<meta property=\"og:title\" content=\"Desk research - MASMI BEOGRAD\" \/>\n<meta property=\"og:description\" content=\"Existing (\u2018secondary\u2019) data is an important source of information about market conditions, industry sectors, competitors and consumers.\" \/>\n<meta property=\"og:url\" content=\"https:\/\/masmi.rs\/en\/methodology\/desk-research\/\" \/>\n<meta property=\"og:site_name\" content=\"MASMI BEOGRAD\" \/>\n<meta property=\"article:modified_time\" content=\"2018-09-21T15:44:15+00:00\" \/>\n<meta name=\"twitter:label1\" content=\"Est. reading time\" \/>\n\t<meta name=\"twitter:data1\" content=\"1 minute\" \/>\n<script type=\"application\/ld+json\" class=\"yoast-schema-graph\">{\"@context\":\"https:\/\/schema.org\",\"@graph\":[{\"@type\":\"Organization\",\"@id\":\"https:\/\/masmi.rs\/#organization\",\"name\":\"MASMI Beograd\",\"url\":\"https:\/\/masmi.rs\/\",\"sameAs\":[],\"logo\":{\"@type\":\"ImageObject\",\"@id\":\"https:\/\/masmi.rs\/#logo\",\"inLanguage\":\"en-US\",\"url\":\"https:\/\/masmi.rs\/wp-content\/uploads\/2017\/11\/FB_profile-pic.png\",\"contentUrl\":\"https:\/\/masmi.rs\/wp-content\/uploads\/2017\/11\/FB_profile-pic.png\",\"width\":372,\"height\":372,\"caption\":\"MASMI Beograd\"},\"image\":{\"@id\":\"https:\/\/masmi.rs\/#logo\"}},{\"@type\":\"WebSite\",\"@id\":\"https:\/\/masmi.rs\/#website\",\"url\":\"https:\/\/masmi.rs\/\",\"name\":\"MASMI BEOGRAD\",\"description\":\"Agencija za istra\u017eivanje tr\u017ei\u0161ta\",\"publisher\":{\"@id\":\"https:\/\/masmi.rs\/#organization\"},\"potentialAction\":[{\"@type\":\"SearchAction\",\"target\":{\"@type\":\"EntryPoint\",\"urlTemplate\":\"https:\/\/masmi.rs\/?s={search_term_string}\"},\"query-input\":\"required name=search_term_string\"}],\"inLanguage\":\"en-US\"},{\"@type\":\"WebPage\",\"@id\":\"https:\/\/masmi.rs\/en\/methodology\/desk-research\/#webpage\",\"url\":\"https:\/\/masmi.rs\/en\/methodology\/desk-research\/\",\"name\":\"Desk research - MASMI BEOGRAD\",\"isPartOf\":{\"@id\":\"https:\/\/masmi.rs\/#website\"},\"datePublished\":\"2018-09-11T16:40:46+00:00\",\"dateModified\":\"2018-09-21T15:44:15+00:00\",\"description\":\"Existing (\u2018secondary\u2019) data is an important source of information about market conditions, industry sectors, competitors and consumers.\",\"breadcrumb\":{\"@id\":\"https:\/\/masmi.rs\/en\/methodology\/desk-research\/#breadcrumb\"},\"inLanguage\":\"en-US\",\"potentialAction\":[{\"@type\":\"ReadAction\",\"target\":[\"https:\/\/masmi.rs\/en\/methodology\/desk-research\/\"]}]},{\"@type\":\"BreadcrumbList\",\"@id\":\"https:\/\/masmi.rs\/en\/methodology\/desk-research\/#breadcrumb\",\"itemListElement\":[{\"@type\":\"ListItem\",\"position\":1,\"name\":\"Methodologies\",\"item\":\"https:\/\/masmi.rs\/en\/methodology\/\"},{\"@type\":\"ListItem\",\"position\":2,\"name\":\"Desk research\"}]}]}<\/script>\n<!-- \/ Yoast SEO plugin. -->","yoast_head_json":{"title":"Desk research - MASMI BEOGRAD","description":"Existing (\u2018secondary\u2019) data is an important source of information about market conditions, industry sectors, competitors and consumers.","robots":{"index":"index","follow":"follow","max-snippet":"max-snippet:-1","max-image-preview":"max-image-preview:large","max-video-preview":"max-video-preview:-1"},"canonical":"https:\/\/masmi.rs\/en\/methodology\/desk-research\/","og_locale":"en_US","og_type":"article","og_title":"Desk research - MASMI BEOGRAD","og_description":"Existing (\u2018secondary\u2019) data is an important source of information about market conditions, industry sectors, competitors and consumers.","og_url":"https:\/\/masmi.rs\/en\/methodology\/desk-research\/","og_site_name":"MASMI BEOGRAD","article_modified_time":"2018-09-21T15:44:15+00:00","twitter_misc":{"Est. reading time":"1 minute"},"schema":{"@context":"https:\/\/schema.org","@graph":[{"@type":"Organization","@id":"https:\/\/masmi.rs\/#organization","name":"MASMI Beograd","url":"https:\/\/masmi.rs\/","sameAs":[],"logo":{"@type":"ImageObject","@id":"https:\/\/masmi.rs\/#logo","inLanguage":"en-US","url":"https:\/\/masmi.rs\/wp-content\/uploads\/2017\/11\/FB_profile-pic.png","contentUrl":"https:\/\/masmi.rs\/wp-content\/uploads\/2017\/11\/FB_profile-pic.png","width":372,"height":372,"caption":"MASMI Beograd"},"image":{"@id":"https:\/\/masmi.rs\/#logo"}},{"@type":"WebSite","@id":"https:\/\/masmi.rs\/#website","url":"https:\/\/masmi.rs\/","name":"MASMI BEOGRAD","description":"Agencija za istra\u017eivanje tr\u017ei\u0161ta","publisher":{"@id":"https:\/\/masmi.rs\/#organization"},"potentialAction":[{"@type":"SearchAction","target":{"@type":"EntryPoint","urlTemplate":"https:\/\/masmi.rs\/?s={search_term_string}"},"query-input":"required name=search_term_string"}],"inLanguage":"en-US"},{"@type":"WebPage","@id":"https:\/\/masmi.rs\/en\/methodology\/desk-research\/#webpage","url":"https:\/\/masmi.rs\/en\/methodology\/desk-research\/","name":"Desk research - MASMI BEOGRAD","isPartOf":{"@id":"https:\/\/masmi.rs\/#website"},"datePublished":"2018-09-11T16:40:46+00:00","dateModified":"2018-09-21T15:44:15+00:00","description":"Existing (\u2018secondary\u2019) data is an important source of information about market conditions, industry sectors, competitors and consumers.","breadcrumb":{"@id":"https:\/\/masmi.rs\/en\/methodology\/desk-research\/#breadcrumb"},"inLanguage":"en-US","potentialAction":[{"@type":"ReadAction","target":["https:\/\/masmi.rs\/en\/methodology\/desk-research\/"]}]},{"@type":"BreadcrumbList","@id":"https:\/\/masmi.rs\/en\/methodology\/desk-research\/#breadcrumb","itemListElement":[{"@type":"ListItem","position":1,"name":"Methodologies","item":"https:\/\/masmi.rs\/en\/methodology\/"},{"@type":"ListItem","position":2,"name":"Desk research"}]}]}},"_links":{"self":[{"href":"https:\/\/masmi.rs\/en\/wp-json\/wp\/v2\/pages\/2666"}],"collection":[{"href":"https:\/\/masmi.rs\/en\/wp-json\/wp\/v2\/pages"}],"about":[{"href":"https:\/\/masmi.rs\/en\/wp-json\/wp\/v2\/types\/page"}],"author":[{"embeddable":true,"href":"https:\/\/masmi.rs\/en\/wp-json\/wp\/v2\/users\/1"}],"replies":[{"embeddable":true,"href":"https:\/\/masmi.rs\/en\/wp-json\/wp\/v2\/comments?post=2666"}],"version-history":[{"count":2,"href":"https:\/\/masmi.rs\/en\/wp-json\/wp\/v2\/pages\/2666\/revisions"}],"predecessor-version":[{"id":2668,"href":"https:\/\/masmi.rs\/en\/wp-json\/wp\/v2\/pages\/2666\/revisions\/2668"}],"up":[{"embeddable":true,"href":"https:\/\/masmi.rs\/en\/wp-json\/wp\/v2\/pages\/1526"}],"wp:attachment":[{"href":"https:\/\/masmi.rs\/en\/wp-json\/wp\/v2\/media?parent=2666"}],"curies":[{"name":"wp","href":"https:\/\/api.w.org\/{rel}","templated":true}]}}