{"id":2660,"date":"2018-09-11T18:35:38","date_gmt":"2018-09-11T16:35:38","guid":{"rendered":"http:\/\/masmi.rs\/?page_id=2660"},"modified":"2018-09-11T18:35:38","modified_gmt":"2018-09-11T16:35:38","slug":"quantitative-research","status":"publish","type":"page","link":"https:\/\/masmi.rs\/en\/methodology\/quantitative-research\/","title":{"rendered":"Quantitative research"},"content":{"rendered":"<p>[et_pb_section bb_built=&#8221;1&#8243; inner_shadow=&#8221;on&#8221; _builder_version=&#8221;3.0.69&#8243; background_color=&#8221;#00a6e4&#8243; custom_padding=&#8221;15px||15px|15px&#8221; next_background_color=&#8221;#ffffff&#8221;][et_pb_row custom_margin=&#8221;||0px|&#8221; background_position_1=&#8221;top_left&#8221; background_repeat_1=&#8221;no-repeat&#8221; _builder_version=&#8221;3.0.69&#8243;][et_pb_column type=&#8221;4_4&#8243;][et_pb_post_title meta=&#8221;off&#8221; featured_image=&#8221;off&#8221; text_color=&#8221;light&#8221; _builder_version=&#8221;3.0.69&#8243; title_font_size=&#8221;28px&#8221; border_style=&#8221;solid&#8221;]<br \/>\n[\/et_pb_post_title][\/et_pb_column][\/et_pb_row][\/et_pb_section][et_pb_section bb_built=&#8221;1&#8243; specialty=&#8221;on&#8221; _builder_version=&#8221;3.0.47&#8243; custom_padding=&#8221;13px|0px|21px|0px|false|false&#8221; prev_background_color=&#8221;#00a6e4&#8243;][et_pb_column type=&#8221;2_3&#8243; specialty_columns=&#8221;2&#8243;][et_pb_row_inner admin_label=&#8221;Red&#8221; _builder_version=&#8221;3.0.47&#8243;][et_pb_column_inner type=&#8221;4_4&#8243; saved_specialty_column_type=&#8221;2_3&#8243;][et_pb_image src=&#8221;http:\/\/masmi.rs\/wp-content\/uploads\/2014\/07\/Chart-Axes-256.png&#8221; align=&#8221;center&#8221; _builder_version=&#8221;3.3.1&#8243; max_width=&#8221;30%&#8221; module_alignment=&#8221;center&#8221;]<br \/>\n[\/et_pb_image][et_pb_text _builder_version=&#8221;3.14&#8243;]<\/p>\n<p>When you need stable and reliable information, applicable for a lot of people.<\/p>\n<p>Quantitative research are used when you want to find out HOW MANY people are using your products and HOW MUCH are buying them, WHO knows about your brand as innovative etc.<\/p>\n<p>We do the math so you can PREDICT and MANAGE your success with precision.<\/p>\n<p><img loading=\"lazy\" decoding=\"async\" class=\"aligncenter size-full wp-image-1764\" src=\"http:\/\/masmi.rs\/wp-content\/uploads\/2014\/08\/qr-i1.png\" alt=\"quantitative research\" width=\"703\" height=\"665\" srcset=\"https:\/\/masmi.rs\/wp-content\/uploads\/2014\/08\/qr-i1.png 703w, https:\/\/masmi.rs\/wp-content\/uploads\/2014\/08\/qr-i1-300x284.png 300w\" sizes=\"(max-width: 703px) 100vw, 703px\" \/><\/p>\n<div class=\"et_pb_text et_pb_bg_layout_light et_pb_text_align_left\">\u2192 And many more&#8230;<\/div>\n<div class=\"et_pb_text et_pb_bg_layout_light et_pb_text_align_left\">\n<p><strong>To answer your HOW MANY questions, we use the following data collection methods:<\/strong><\/p>\n<p><img loading=\"lazy\" decoding=\"async\" class=\"aligncenter size-full wp-image-1765\" src=\"http:\/\/masmi.rs\/wp-content\/uploads\/2014\/08\/qr-i2.png\" alt=\"quantitative research methodology\" width=\"606\" height=\"276\" srcset=\"https:\/\/masmi.rs\/wp-content\/uploads\/2014\/08\/qr-i2.png 606w, https:\/\/masmi.rs\/wp-content\/uploads\/2014\/08\/qr-i2-300x137.png 300w\" sizes=\"(max-width: 606px) 100vw, 606px\" \/><\/p>\n<\/div>\n<p>[\/et_pb_text][\/et_pb_column_inner][\/et_pb_row_inner][\/et_pb_column][et_pb_column type=&#8221;1_3&#8243;][et_pb_sidebar orientation=&#8221;right&#8221; area=&#8221;sidebar-1&#8243; show_border=&#8221;off&#8221; _builder_version=&#8221;3.3.1&#8243; background_layout=&#8221;dark&#8221;]<br \/>\n[\/et_pb_sidebar][\/et_pb_column][\/et_pb_section]<\/p>\n","protected":false},"excerpt":{"rendered":"<p>When you need stable and reliable information, applicable for a lot of people. Quantitative research are used when you want to find out HOW MANY people are using your products and HOW MUCH are buying them, WHO knows about your brand as innovative etc. We do the math so you can PREDICT and MANAGE your [&hellip;]<\/p>\n","protected":false},"author":1,"featured_media":0,"parent":1526,"menu_order":0,"comment_status":"closed","ping_status":"closed","template":"","meta":{"_et_pb_use_builder":"on","_et_pb_old_content":"","_et_gb_content_width":"","_monsterinsights_skip_tracking":false,"_monsterinsights_sitenote_active":false,"_monsterinsights_sitenote_note":"","_monsterinsights_sitenote_category":0,"footnotes":""},"yoast_head":"<!-- This site is optimized with the Yoast SEO plugin v18.0 - https:\/\/yoast.com\/wordpress\/plugins\/seo\/ -->\n<title>Quantitative research - MASMI BEOGRAD<\/title>\n<meta name=\"robots\" content=\"index, follow, max-snippet:-1, max-image-preview:large, max-video-preview:-1\" \/>\n<link rel=\"canonical\" href=\"https:\/\/masmi.rs\/en\/methodology\/quantitative-research\/\" \/>\n<meta property=\"og:locale\" content=\"en_US\" \/>\n<meta property=\"og:type\" content=\"article\" \/>\n<meta property=\"og:title\" content=\"Quantitative research - MASMI BEOGRAD\" \/>\n<meta property=\"og:description\" content=\"When you need stable and reliable information, applicable for a lot of people. Quantitative research are used when you want to find out HOW MANY people are using your products and HOW MUCH are buying them, WHO knows about your brand as innovative etc. We do the math so you can PREDICT and MANAGE your [&hellip;]\" \/>\n<meta property=\"og:url\" content=\"https:\/\/masmi.rs\/en\/methodology\/quantitative-research\/\" \/>\n<meta property=\"og:site_name\" content=\"MASMI BEOGRAD\" \/>\n<meta property=\"og:image\" content=\"http:\/\/masmi.rs\/wp-content\/uploads\/2014\/08\/qr-i1.png\" \/>\n<meta name=\"twitter:label1\" content=\"Est. reading time\" \/>\n\t<meta name=\"twitter:data1\" content=\"1 minute\" \/>\n<script type=\"application\/ld+json\" class=\"yoast-schema-graph\">{\"@context\":\"https:\/\/schema.org\",\"@graph\":[{\"@type\":\"Organization\",\"@id\":\"https:\/\/masmi.rs\/#organization\",\"name\":\"MASMI Beograd\",\"url\":\"https:\/\/masmi.rs\/\",\"sameAs\":[],\"logo\":{\"@type\":\"ImageObject\",\"@id\":\"https:\/\/masmi.rs\/#logo\",\"inLanguage\":\"en-US\",\"url\":\"https:\/\/masmi.rs\/wp-content\/uploads\/2017\/11\/FB_profile-pic.png\",\"contentUrl\":\"https:\/\/masmi.rs\/wp-content\/uploads\/2017\/11\/FB_profile-pic.png\",\"width\":372,\"height\":372,\"caption\":\"MASMI Beograd\"},\"image\":{\"@id\":\"https:\/\/masmi.rs\/#logo\"}},{\"@type\":\"WebSite\",\"@id\":\"https:\/\/masmi.rs\/#website\",\"url\":\"https:\/\/masmi.rs\/\",\"name\":\"MASMI BEOGRAD\",\"description\":\"Agencija za istra\u017eivanje tr\u017ei\u0161ta\",\"publisher\":{\"@id\":\"https:\/\/masmi.rs\/#organization\"},\"potentialAction\":[{\"@type\":\"SearchAction\",\"target\":{\"@type\":\"EntryPoint\",\"urlTemplate\":\"https:\/\/masmi.rs\/?s={search_term_string}\"},\"query-input\":\"required name=search_term_string\"}],\"inLanguage\":\"en-US\"},{\"@type\":\"ImageObject\",\"@id\":\"https:\/\/masmi.rs\/en\/methodology\/quantitative-research\/#primaryimage\",\"inLanguage\":\"en-US\",\"url\":\"http:\/\/masmi.rs\/wp-content\/uploads\/2014\/08\/qr-i1.png\",\"contentUrl\":\"http:\/\/masmi.rs\/wp-content\/uploads\/2014\/08\/qr-i1.png\"},{\"@type\":\"WebPage\",\"@id\":\"https:\/\/masmi.rs\/en\/methodology\/quantitative-research\/#webpage\",\"url\":\"https:\/\/masmi.rs\/en\/methodology\/quantitative-research\/\",\"name\":\"Quantitative research - MASMI BEOGRAD\",\"isPartOf\":{\"@id\":\"https:\/\/masmi.rs\/#website\"},\"primaryImageOfPage\":{\"@id\":\"https:\/\/masmi.rs\/en\/methodology\/quantitative-research\/#primaryimage\"},\"datePublished\":\"2018-09-11T16:35:38+00:00\",\"dateModified\":\"2018-09-11T16:35:38+00:00\",\"breadcrumb\":{\"@id\":\"https:\/\/masmi.rs\/en\/methodology\/quantitative-research\/#breadcrumb\"},\"inLanguage\":\"en-US\",\"potentialAction\":[{\"@type\":\"ReadAction\",\"target\":[\"https:\/\/masmi.rs\/en\/methodology\/quantitative-research\/\"]}]},{\"@type\":\"BreadcrumbList\",\"@id\":\"https:\/\/masmi.rs\/en\/methodology\/quantitative-research\/#breadcrumb\",\"itemListElement\":[{\"@type\":\"ListItem\",\"position\":1,\"name\":\"Methodologies\",\"item\":\"https:\/\/masmi.rs\/en\/methodology\/\"},{\"@type\":\"ListItem\",\"position\":2,\"name\":\"Quantitative research\"}]}]}<\/script>\n<!-- \/ Yoast SEO plugin. -->","yoast_head_json":{"title":"Quantitative research - MASMI BEOGRAD","robots":{"index":"index","follow":"follow","max-snippet":"max-snippet:-1","max-image-preview":"max-image-preview:large","max-video-preview":"max-video-preview:-1"},"canonical":"https:\/\/masmi.rs\/en\/methodology\/quantitative-research\/","og_locale":"en_US","og_type":"article","og_title":"Quantitative research - MASMI BEOGRAD","og_description":"When you need stable and reliable information, applicable for a lot of people. Quantitative research are used when you want to find out HOW MANY people are using your products and HOW MUCH are buying them, WHO knows about your brand as innovative etc. We do the math so you can PREDICT and MANAGE your [&hellip;]","og_url":"https:\/\/masmi.rs\/en\/methodology\/quantitative-research\/","og_site_name":"MASMI BEOGRAD","og_image":[{"url":"http:\/\/masmi.rs\/wp-content\/uploads\/2014\/08\/qr-i1.png"}],"twitter_misc":{"Est. reading time":"1 minute"},"schema":{"@context":"https:\/\/schema.org","@graph":[{"@type":"Organization","@id":"https:\/\/masmi.rs\/#organization","name":"MASMI Beograd","url":"https:\/\/masmi.rs\/","sameAs":[],"logo":{"@type":"ImageObject","@id":"https:\/\/masmi.rs\/#logo","inLanguage":"en-US","url":"https:\/\/masmi.rs\/wp-content\/uploads\/2017\/11\/FB_profile-pic.png","contentUrl":"https:\/\/masmi.rs\/wp-content\/uploads\/2017\/11\/FB_profile-pic.png","width":372,"height":372,"caption":"MASMI Beograd"},"image":{"@id":"https:\/\/masmi.rs\/#logo"}},{"@type":"WebSite","@id":"https:\/\/masmi.rs\/#website","url":"https:\/\/masmi.rs\/","name":"MASMI BEOGRAD","description":"Agencija za istra\u017eivanje tr\u017ei\u0161ta","publisher":{"@id":"https:\/\/masmi.rs\/#organization"},"potentialAction":[{"@type":"SearchAction","target":{"@type":"EntryPoint","urlTemplate":"https:\/\/masmi.rs\/?s={search_term_string}"},"query-input":"required name=search_term_string"}],"inLanguage":"en-US"},{"@type":"ImageObject","@id":"https:\/\/masmi.rs\/en\/methodology\/quantitative-research\/#primaryimage","inLanguage":"en-US","url":"http:\/\/masmi.rs\/wp-content\/uploads\/2014\/08\/qr-i1.png","contentUrl":"http:\/\/masmi.rs\/wp-content\/uploads\/2014\/08\/qr-i1.png"},{"@type":"WebPage","@id":"https:\/\/masmi.rs\/en\/methodology\/quantitative-research\/#webpage","url":"https:\/\/masmi.rs\/en\/methodology\/quantitative-research\/","name":"Quantitative research - MASMI BEOGRAD","isPartOf":{"@id":"https:\/\/masmi.rs\/#website"},"primaryImageOfPage":{"@id":"https:\/\/masmi.rs\/en\/methodology\/quantitative-research\/#primaryimage"},"datePublished":"2018-09-11T16:35:38+00:00","dateModified":"2018-09-11T16:35:38+00:00","breadcrumb":{"@id":"https:\/\/masmi.rs\/en\/methodology\/quantitative-research\/#breadcrumb"},"inLanguage":"en-US","potentialAction":[{"@type":"ReadAction","target":["https:\/\/masmi.rs\/en\/methodology\/quantitative-research\/"]}]},{"@type":"BreadcrumbList","@id":"https:\/\/masmi.rs\/en\/methodology\/quantitative-research\/#breadcrumb","itemListElement":[{"@type":"ListItem","position":1,"name":"Methodologies","item":"https:\/\/masmi.rs\/en\/methodology\/"},{"@type":"ListItem","position":2,"name":"Quantitative research"}]}]}},"_links":{"self":[{"href":"https:\/\/masmi.rs\/en\/wp-json\/wp\/v2\/pages\/2660"}],"collection":[{"href":"https:\/\/masmi.rs\/en\/wp-json\/wp\/v2\/pages"}],"about":[{"href":"https:\/\/masmi.rs\/en\/wp-json\/wp\/v2\/types\/page"}],"author":[{"embeddable":true,"href":"https:\/\/masmi.rs\/en\/wp-json\/wp\/v2\/users\/1"}],"replies":[{"embeddable":true,"href":"https:\/\/masmi.rs\/en\/wp-json\/wp\/v2\/comments?post=2660"}],"version-history":[{"count":2,"href":"https:\/\/masmi.rs\/en\/wp-json\/wp\/v2\/pages\/2660\/revisions"}],"predecessor-version":[{"id":2662,"href":"https:\/\/masmi.rs\/en\/wp-json\/wp\/v2\/pages\/2660\/revisions\/2662"}],"up":[{"embeddable":true,"href":"https:\/\/masmi.rs\/en\/wp-json\/wp\/v2\/pages\/1526"}],"wp:attachment":[{"href":"https:\/\/masmi.rs\/en\/wp-json\/wp\/v2\/media?parent=2660"}],"curies":[{"name":"wp","href":"https:\/\/api.w.org\/{rel}","templated":true}]}}