{"id":2655,"date":"2018-09-11T18:28:36","date_gmt":"2018-09-11T16:28:36","guid":{"rendered":"http:\/\/masmi.rs\/?page_id=2655"},"modified":"2018-09-11T18:30:40","modified_gmt":"2018-09-11T16:30:40","slug":"qualitative-research","status":"publish","type":"page","link":"https:\/\/masmi.rs\/en\/methodology\/qualitative-research\/","title":{"rendered":"Qualitative research"},"content":{"rendered":"<p>[et_pb_section bb_built=&#8221;1&#8243; inner_shadow=&#8221;on&#8221; _builder_version=&#8221;3.0.69&#8243; background_color=&#8221;#00a6e4&#8243; custom_padding=&#8221;15px||8px|15px|false|false&#8221; next_background_color=&#8221;#ffffff&#8221;][et_pb_row custom_margin=&#8221;||0px|&#8221; background_position_1=&#8221;top_left&#8221; background_repeat_1=&#8221;no-repeat&#8221; _builder_version=&#8221;3.0.69&#8243;][et_pb_column type=&#8221;4_4&#8243;][et_pb_post_title meta=&#8221;off&#8221; featured_image=&#8221;off&#8221; text_color=&#8221;light&#8221; _builder_version=&#8221;3.0.69&#8243; title_font_size=&#8221;28px&#8221; border_style=&#8221;solid&#8221; parallax_method=&#8221;off&#8221; \/][\/et_pb_column][\/et_pb_row][\/et_pb_section][et_pb_section bb_built=&#8221;1&#8243; specialty=&#8221;on&#8221; _builder_version=&#8221;3.0.47&#8243; custom_padding=&#8221;14px|0px|13px|0px|false|false&#8221; prev_background_color=&#8221;#00a6e4&#8243;][et_pb_column type=&#8221;2_3&#8243; specialty_columns=&#8221;2&#8243;][et_pb_row_inner admin_label=&#8221;Red&#8221; _builder_version=&#8221;3.0.47&#8243;][et_pb_column_inner type=&#8221;4_4&#8243; saved_specialty_column_type=&#8221;2_3&#8243;][et_pb_image src=&#8221;http:\/\/masmi.rs\/wp-content\/uploads\/2014\/07\/User-Group-256.png&#8221; align=&#8221;center&#8221; _builder_version=&#8221;3.14&#8243; max_width=&#8221;24%&#8221; module_alignment=&#8221;center&#8221; \/][et_pb_text _builder_version=&#8221;3.14&#8243;]<\/p>\n<p><span style=\"color: #3366ff;\">When you want to find out WHAT &amp;WHY.<\/span><\/p>\n<p><span style=\"color: #3366ff;\">To Explore, Describe and Understand. For deeper exploration and insights. \u00a0<\/span><\/p>\n<p><strong>It could be helpful when you need to:<br \/>\n<\/strong><\/p>\n<p><img loading=\"lazy\" decoding=\"async\" class=\"aligncenter size-full wp-image-1769\" src=\"http:\/\/masmi.rs\/wp-content\/uploads\/2014\/08\/qlr-i1.png\" alt=\"qualitative research\" width=\"619\" height=\"451\" srcset=\"https:\/\/masmi.rs\/wp-content\/uploads\/2014\/08\/qlr-i1.png 619w, https:\/\/masmi.rs\/wp-content\/uploads\/2014\/08\/qlr-i1-300x219.png 300w\" sizes=\"(max-width: 619px) 100vw, 619px\" \/><\/p>\n<p><strong>To answer your WHATs &amp; WHYs, we use the following data collection methods:<\/strong><\/p>\n<p><img loading=\"lazy\" decoding=\"async\" class=\"aligncenter size-full wp-image-1770\" src=\"http:\/\/masmi.rs\/wp-content\/uploads\/2014\/08\/qlr-i2.png\" alt=\"qualitative research methodology\" width=\"561\" height=\"353\" srcset=\"https:\/\/masmi.rs\/wp-content\/uploads\/2014\/08\/qlr-i2.png 561w, https:\/\/masmi.rs\/wp-content\/uploads\/2014\/08\/qlr-i2-300x189.png 300w\" sizes=\"(max-width: 561px) 100vw, 561px\" \/><\/p>\n<p>[\/et_pb_text][\/et_pb_column_inner][\/et_pb_row_inner][\/et_pb_column][et_pb_column type=&#8221;1_3&#8243;][et_pb_sidebar orientation=&#8221;right&#8221; area=&#8221;sidebar-1&#8243; show_border=&#8221;off&#8221; _builder_version=&#8221;3.14&#8243; background_layout=&#8221;dark&#8221; \/][\/et_pb_column][\/et_pb_section]<\/p>\n","protected":false},"excerpt":{"rendered":"<p>When you want to find out WHAT &amp;WHY. To Explore, Describe and Understand. For deeper exploration and insights. \u00a0 It could be helpful when you need to: To answer your WHATs &amp; WHYs, we use the following data collection methods:<\/p>\n","protected":false},"author":1,"featured_media":0,"parent":1526,"menu_order":0,"comment_status":"closed","ping_status":"closed","template":"","meta":{"_et_pb_use_builder":"on","_et_pb_old_content":"","_et_gb_content_width":"","_monsterinsights_skip_tracking":false,"_monsterinsights_sitenote_active":false,"_monsterinsights_sitenote_note":"","_monsterinsights_sitenote_category":0,"footnotes":""},"yoast_head":"<!-- This site is optimized with the Yoast SEO plugin v18.0 - https:\/\/yoast.com\/wordpress\/plugins\/seo\/ -->\n<title>Qualitative research - MASMI BEOGRAD<\/title>\n<meta name=\"robots\" content=\"index, follow, max-snippet:-1, max-image-preview:large, max-video-preview:-1\" \/>\n<link rel=\"canonical\" href=\"https:\/\/masmi.rs\/en\/methodology\/qualitative-research\/\" \/>\n<meta property=\"og:locale\" content=\"en_US\" \/>\n<meta property=\"og:type\" content=\"article\" \/>\n<meta property=\"og:title\" content=\"Qualitative research - MASMI BEOGRAD\" \/>\n<meta property=\"og:description\" content=\"When you want to find out WHAT &amp;WHY. To Explore, Describe and Understand. For deeper exploration and insights. \u00a0 It could be helpful when you need to: To answer your WHATs &amp; WHYs, we use the following data collection methods:\" \/>\n<meta property=\"og:url\" content=\"https:\/\/masmi.rs\/en\/methodology\/qualitative-research\/\" \/>\n<meta property=\"og:site_name\" content=\"MASMI BEOGRAD\" \/>\n<meta property=\"article:modified_time\" content=\"2018-09-11T16:30:40+00:00\" \/>\n<meta property=\"og:image\" content=\"http:\/\/masmi.rs\/wp-content\/uploads\/2014\/08\/qlr-i1.png\" \/>\n<meta name=\"twitter:label1\" content=\"Est. reading time\" \/>\n\t<meta name=\"twitter:data1\" content=\"1 minute\" \/>\n<script type=\"application\/ld+json\" class=\"yoast-schema-graph\">{\"@context\":\"https:\/\/schema.org\",\"@graph\":[{\"@type\":\"Organization\",\"@id\":\"https:\/\/masmi.rs\/#organization\",\"name\":\"MASMI Beograd\",\"url\":\"https:\/\/masmi.rs\/\",\"sameAs\":[],\"logo\":{\"@type\":\"ImageObject\",\"@id\":\"https:\/\/masmi.rs\/#logo\",\"inLanguage\":\"en-US\",\"url\":\"https:\/\/masmi.rs\/wp-content\/uploads\/2017\/11\/FB_profile-pic.png\",\"contentUrl\":\"https:\/\/masmi.rs\/wp-content\/uploads\/2017\/11\/FB_profile-pic.png\",\"width\":372,\"height\":372,\"caption\":\"MASMI Beograd\"},\"image\":{\"@id\":\"https:\/\/masmi.rs\/#logo\"}},{\"@type\":\"WebSite\",\"@id\":\"https:\/\/masmi.rs\/#website\",\"url\":\"https:\/\/masmi.rs\/\",\"name\":\"MASMI BEOGRAD\",\"description\":\"Agencija za istra\u017eivanje tr\u017ei\u0161ta\",\"publisher\":{\"@id\":\"https:\/\/masmi.rs\/#organization\"},\"potentialAction\":[{\"@type\":\"SearchAction\",\"target\":{\"@type\":\"EntryPoint\",\"urlTemplate\":\"https:\/\/masmi.rs\/?s={search_term_string}\"},\"query-input\":\"required name=search_term_string\"}],\"inLanguage\":\"en-US\"},{\"@type\":\"ImageObject\",\"@id\":\"https:\/\/masmi.rs\/en\/methodology\/qualitative-research\/#primaryimage\",\"inLanguage\":\"en-US\",\"url\":\"http:\/\/masmi.rs\/wp-content\/uploads\/2014\/08\/qlr-i1.png\",\"contentUrl\":\"http:\/\/masmi.rs\/wp-content\/uploads\/2014\/08\/qlr-i1.png\"},{\"@type\":\"WebPage\",\"@id\":\"https:\/\/masmi.rs\/en\/methodology\/qualitative-research\/#webpage\",\"url\":\"https:\/\/masmi.rs\/en\/methodology\/qualitative-research\/\",\"name\":\"Qualitative research - MASMI BEOGRAD\",\"isPartOf\":{\"@id\":\"https:\/\/masmi.rs\/#website\"},\"primaryImageOfPage\":{\"@id\":\"https:\/\/masmi.rs\/en\/methodology\/qualitative-research\/#primaryimage\"},\"datePublished\":\"2018-09-11T16:28:36+00:00\",\"dateModified\":\"2018-09-11T16:30:40+00:00\",\"breadcrumb\":{\"@id\":\"https:\/\/masmi.rs\/en\/methodology\/qualitative-research\/#breadcrumb\"},\"inLanguage\":\"en-US\",\"potentialAction\":[{\"@type\":\"ReadAction\",\"target\":[\"https:\/\/masmi.rs\/en\/methodology\/qualitative-research\/\"]}]},{\"@type\":\"BreadcrumbList\",\"@id\":\"https:\/\/masmi.rs\/en\/methodology\/qualitative-research\/#breadcrumb\",\"itemListElement\":[{\"@type\":\"ListItem\",\"position\":1,\"name\":\"Methodologies\",\"item\":\"https:\/\/masmi.rs\/en\/methodology\/\"},{\"@type\":\"ListItem\",\"position\":2,\"name\":\"Qualitative research\"}]}]}<\/script>\n<!-- \/ Yoast SEO plugin. -->","yoast_head_json":{"title":"Qualitative research - MASMI BEOGRAD","robots":{"index":"index","follow":"follow","max-snippet":"max-snippet:-1","max-image-preview":"max-image-preview:large","max-video-preview":"max-video-preview:-1"},"canonical":"https:\/\/masmi.rs\/en\/methodology\/qualitative-research\/","og_locale":"en_US","og_type":"article","og_title":"Qualitative research - MASMI BEOGRAD","og_description":"When you want to find out WHAT &amp;WHY. To Explore, Describe and Understand. For deeper exploration and insights. \u00a0 It could be helpful when you need to: To answer your WHATs &amp; WHYs, we use the following data collection methods:","og_url":"https:\/\/masmi.rs\/en\/methodology\/qualitative-research\/","og_site_name":"MASMI BEOGRAD","article_modified_time":"2018-09-11T16:30:40+00:00","og_image":[{"url":"http:\/\/masmi.rs\/wp-content\/uploads\/2014\/08\/qlr-i1.png"}],"twitter_misc":{"Est. reading time":"1 minute"},"schema":{"@context":"https:\/\/schema.org","@graph":[{"@type":"Organization","@id":"https:\/\/masmi.rs\/#organization","name":"MASMI Beograd","url":"https:\/\/masmi.rs\/","sameAs":[],"logo":{"@type":"ImageObject","@id":"https:\/\/masmi.rs\/#logo","inLanguage":"en-US","url":"https:\/\/masmi.rs\/wp-content\/uploads\/2017\/11\/FB_profile-pic.png","contentUrl":"https:\/\/masmi.rs\/wp-content\/uploads\/2017\/11\/FB_profile-pic.png","width":372,"height":372,"caption":"MASMI Beograd"},"image":{"@id":"https:\/\/masmi.rs\/#logo"}},{"@type":"WebSite","@id":"https:\/\/masmi.rs\/#website","url":"https:\/\/masmi.rs\/","name":"MASMI BEOGRAD","description":"Agencija za istra\u017eivanje tr\u017ei\u0161ta","publisher":{"@id":"https:\/\/masmi.rs\/#organization"},"potentialAction":[{"@type":"SearchAction","target":{"@type":"EntryPoint","urlTemplate":"https:\/\/masmi.rs\/?s={search_term_string}"},"query-input":"required name=search_term_string"}],"inLanguage":"en-US"},{"@type":"ImageObject","@id":"https:\/\/masmi.rs\/en\/methodology\/qualitative-research\/#primaryimage","inLanguage":"en-US","url":"http:\/\/masmi.rs\/wp-content\/uploads\/2014\/08\/qlr-i1.png","contentUrl":"http:\/\/masmi.rs\/wp-content\/uploads\/2014\/08\/qlr-i1.png"},{"@type":"WebPage","@id":"https:\/\/masmi.rs\/en\/methodology\/qualitative-research\/#webpage","url":"https:\/\/masmi.rs\/en\/methodology\/qualitative-research\/","name":"Qualitative research - MASMI BEOGRAD","isPartOf":{"@id":"https:\/\/masmi.rs\/#website"},"primaryImageOfPage":{"@id":"https:\/\/masmi.rs\/en\/methodology\/qualitative-research\/#primaryimage"},"datePublished":"2018-09-11T16:28:36+00:00","dateModified":"2018-09-11T16:30:40+00:00","breadcrumb":{"@id":"https:\/\/masmi.rs\/en\/methodology\/qualitative-research\/#breadcrumb"},"inLanguage":"en-US","potentialAction":[{"@type":"ReadAction","target":["https:\/\/masmi.rs\/en\/methodology\/qualitative-research\/"]}]},{"@type":"BreadcrumbList","@id":"https:\/\/masmi.rs\/en\/methodology\/qualitative-research\/#breadcrumb","itemListElement":[{"@type":"ListItem","position":1,"name":"Methodologies","item":"https:\/\/masmi.rs\/en\/methodology\/"},{"@type":"ListItem","position":2,"name":"Qualitative research"}]}]}},"_links":{"self":[{"href":"https:\/\/masmi.rs\/en\/wp-json\/wp\/v2\/pages\/2655"}],"collection":[{"href":"https:\/\/masmi.rs\/en\/wp-json\/wp\/v2\/pages"}],"about":[{"href":"https:\/\/masmi.rs\/en\/wp-json\/wp\/v2\/types\/page"}],"author":[{"embeddable":true,"href":"https:\/\/masmi.rs\/en\/wp-json\/wp\/v2\/users\/1"}],"replies":[{"embeddable":true,"href":"https:\/\/masmi.rs\/en\/wp-json\/wp\/v2\/comments?post=2655"}],"version-history":[{"count":4,"href":"https:\/\/masmi.rs\/en\/wp-json\/wp\/v2\/pages\/2655\/revisions"}],"predecessor-version":[{"id":2659,"href":"https:\/\/masmi.rs\/en\/wp-json\/wp\/v2\/pages\/2655\/revisions\/2659"}],"up":[{"embeddable":true,"href":"https:\/\/masmi.rs\/en\/wp-json\/wp\/v2\/pages\/1526"}],"wp:attachment":[{"href":"https:\/\/masmi.rs\/en\/wp-json\/wp\/v2\/media?parent=2655"}],"curies":[{"name":"wp","href":"https:\/\/api.w.org\/{rel}","templated":true}]}}