{"id":1569,"date":"2014-08-19T18:06:04","date_gmt":"2014-08-19T18:06:04","guid":{"rendered":"http:\/\/masmi.myvnc.com:10000\/WordPress\/?page_id=1569"},"modified":"2014-08-19T18:06:04","modified_gmt":"2014-08-19T18:06:04","slug":"our-values","status":"publish","type":"page","link":"https:\/\/masmi.rs\/en\/our-values\/","title":{"rendered":"Our values"},"content":{"rendered":"<p>[et_pb_section fullwidth=&#8221;on&#8221; specialty=&#8221;off&#8221; background_image=&#8221;http:\/\/masmi.rs\/wp-content\/uploads\/2014\/06\/cta-masmi.jpg&#8221; background_color=&#8221;#ffffff&#8221; inner_shadow=&#8221;off&#8221; parallax=&#8221;off&#8221; parallax_method=&#8221;css&#8221;][et_pb_fullwidth_header admin_label=&#8221;Fullwidth Header&#8221; title=&#8221;Who are we&#8221; background_layout=&#8221;dark&#8221; text_orientation=&#8221;left&#8221; \/][\/et_pb_section][et_pb_section fullwidth=&#8221;off&#8221; specialty=&#8221;off&#8221;][et_pb_row][et_pb_column type=&#8221;4_4&#8243;][et_pb_text admin_label=&#8221;Text&#8221; background_layout=&#8221;light&#8221; text_orientation=&#8221;left&#8221;]<\/p>\n<h3>MASMI values<\/h3>\n<p>[\/et_pb_text][\/et_pb_column][\/et_pb_row][et_pb_row][et_pb_column type=&#8221;1_4&#8243;][et_pb_blurb admin_label=&#8221;Blurb&#8221; title=&#8221;Superior Customer Service&#8221; url_new_window=&#8221;off&#8221; use_icon=&#8221;off&#8221; icon_color=&#8221;#00a5e5&#8243; use_circle=&#8221;off&#8221; circle_color=&#8221;#00a5e5&#8243; use_circle_border=&#8221;off&#8221; circle_border_color=&#8221;#00a5e5&#8243; image=&#8221;http:\/\/www.elegantthemesimages.com\/images\/premade_blurb_5.png&#8221; icon_placement=&#8221;top&#8221; animation=&#8221;top&#8221; background_layout=&#8221;light&#8221; text_orientation=&#8221;center&#8221;]We recognize that success takes ongoing effort over the long haul, as we strive to help our client\u2019s build stronger products and services and stakeholder relationships[\/et_pb_blurb][\/et_pb_column][et_pb_column type=&#8221;1_4&#8243;][et_pb_blurb admin_label=&#8221;Blurb&#8221; title=&#8221;Expertise and Experience &#8221; url_new_window=&#8221;off&#8221; use_icon=&#8221;off&#8221; icon_color=&#8221;#00a5e5&#8243; use_circle=&#8221;off&#8221; circle_color=&#8221;#00a5e5&#8243; use_circle_border=&#8221;off&#8221; circle_border_color=&#8221;#00a5e5&#8243; image=&#8221;http:\/\/www.elegantthemesimages.com\/images\/premade_blurb_6.png&#8221; icon_placement=&#8221;top&#8221; animation=&#8221;top&#8221; background_layout=&#8221;light&#8221; text_orientation=&#8221;center&#8221;]Our staff have years of experience in both emerging and mature markets, creating solutions for a wide spectrum of marketing and business challenges[\/et_pb_blurb][\/et_pb_column][et_pb_column type=&#8221;1_4&#8243;][et_pb_blurb admin_label=&#8221;Blurb&#8221; title=&#8221;Focus on ROI&#8221; url_new_window=&#8221;off&#8221; use_icon=&#8221;off&#8221; icon_color=&#8221;#00a5e5&#8243; use_circle=&#8221;off&#8221; circle_color=&#8221;#00a5e5&#8243; use_circle_border=&#8221;off&#8221; circle_border_color=&#8221;#00a5e5&#8243; image=&#8221;http:\/\/www.elegantthemesimages.com\/images\/premade_blurb_7.png&#8221; icon_placement=&#8221;top&#8221; animation=&#8221;top&#8221; background_layout=&#8221;light&#8221; text_orientation=&#8221;center&#8221;]We want our clients to be successful and are committed to help make that happen[\/et_pb_blurb][\/et_pb_column][et_pb_column type=&#8221;1_4&#8243;][et_pb_blurb admin_label=&#8221;Blurb&#8221; title=&#8221;Relationship Philosophy&#8221; url_new_window=&#8221;off&#8221; use_icon=&#8221;off&#8221; icon_color=&#8221;#00a5e5&#8243; use_circle=&#8221;off&#8221; circle_color=&#8221;#00a5e5&#8243; use_circle_border=&#8221;off&#8221; circle_border_color=&#8221;#00a5e5&#8243; image=&#8221;http:\/\/www.elegantthemesimages.com\/images\/premade_blurb_8.png&#8221; icon_placement=&#8221;top&#8221; animation=&#8221;top&#8221; background_layout=&#8221;light&#8221; text_orientation=&#8221;center&#8221;]We see ourselves as a business partner &#8211; we provide responsive, quality services, freeing clients to focus on what is important &#8211; their business[\/et_pb_blurb][\/et_pb_column][\/et_pb_row][\/et_pb_section]<\/p>\n","protected":false},"excerpt":{"rendered":"<p><div class=\"et_pb_row et_pb_row_0 et_pb_row_empty\">\n\t\t\t\t\n\t\t\t\t\n\t\t\t\t\n\t\t\t<\/div>MASMI values<div class=\"et_pb_row et_pb_row_1 et_pb_row_empty\">\n\t\t\t\t\n\t\t\t\t\n\t\t\t\t\n\t\t\t<\/div>We recognize that success takes ongoing effort over the long haul, as we strive to help our client\u2019s build stronger products and services and stakeholder relationshipsOur staff have years of experience in both emerging and mature markets, creating solutions for a wide spectrum of marketing and business challengesWe want our clients to be successful [&hellip;]<\/p>\n","protected":false},"author":1,"featured_media":0,"parent":0,"menu_order":0,"comment_status":"open","ping_status":"open","template":"","meta":{"_et_pb_use_builder":"on","_et_pb_old_content":"","_et_gb_content_width":"","_monsterinsights_skip_tracking":false,"_monsterinsights_sitenote_active":false,"_monsterinsights_sitenote_note":"","_monsterinsights_sitenote_category":0,"footnotes":""},"yoast_head":"<!-- This site is optimized with the Yoast SEO plugin v18.0 - https:\/\/yoast.com\/wordpress\/plugins\/seo\/ -->\n<title>Who are we - MASMI Belgrade Market Research<\/title>\n<meta name=\"description\" content=\"MASMI Belgrade is a search agency, specialized in market research and public opinion surveys in Serbia and region.\" \/>\n<meta name=\"robots\" content=\"index, follow, max-snippet:-1, max-image-preview:large, max-video-preview:-1\" \/>\n<link rel=\"canonical\" href=\"https:\/\/masmi.rs\/en\/our-values\/\" \/>\n<meta property=\"og:locale\" content=\"en_US\" \/>\n<meta property=\"og:type\" content=\"article\" \/>\n<meta property=\"og:title\" content=\"Who are we - MASMI Belgrade Market Research\" \/>\n<meta property=\"og:description\" content=\"MASMI Belgrade is a search agency, specialized in market research and public opinion surveys in Serbia and region.\" \/>\n<meta property=\"og:url\" content=\"https:\/\/masmi.rs\/en\/our-values\/\" \/>\n<meta property=\"og:site_name\" content=\"MASMI BEOGRAD\" \/>\n<meta name=\"twitter:label1\" content=\"Est. reading time\" \/>\n\t<meta name=\"twitter:data1\" content=\"2 minutes\" \/>\n<script type=\"application\/ld+json\" class=\"yoast-schema-graph\">{\"@context\":\"https:\/\/schema.org\",\"@graph\":[{\"@type\":\"Organization\",\"@id\":\"https:\/\/masmi.rs\/#organization\",\"name\":\"MASMI Beograd\",\"url\":\"https:\/\/masmi.rs\/\",\"sameAs\":[],\"logo\":{\"@type\":\"ImageObject\",\"@id\":\"https:\/\/masmi.rs\/#logo\",\"inLanguage\":\"en-US\",\"url\":\"https:\/\/masmi.rs\/wp-content\/uploads\/2017\/11\/FB_profile-pic.png\",\"contentUrl\":\"https:\/\/masmi.rs\/wp-content\/uploads\/2017\/11\/FB_profile-pic.png\",\"width\":372,\"height\":372,\"caption\":\"MASMI Beograd\"},\"image\":{\"@id\":\"https:\/\/masmi.rs\/#logo\"}},{\"@type\":\"WebSite\",\"@id\":\"https:\/\/masmi.rs\/#website\",\"url\":\"https:\/\/masmi.rs\/\",\"name\":\"MASMI BEOGRAD\",\"description\":\"Agencija za istra\u017eivanje tr\u017ei\u0161ta\",\"publisher\":{\"@id\":\"https:\/\/masmi.rs\/#organization\"},\"potentialAction\":[{\"@type\":\"SearchAction\",\"target\":{\"@type\":\"EntryPoint\",\"urlTemplate\":\"https:\/\/masmi.rs\/?s={search_term_string}\"},\"query-input\":\"required name=search_term_string\"}],\"inLanguage\":\"en-US\"},{\"@type\":\"WebPage\",\"@id\":\"https:\/\/masmi.rs\/en\/our-values\/#webpage\",\"url\":\"https:\/\/masmi.rs\/en\/our-values\/\",\"name\":\"Who are we - MASMI Belgrade Market Research\",\"isPartOf\":{\"@id\":\"https:\/\/masmi.rs\/#website\"},\"datePublished\":\"2014-08-19T18:06:04+00:00\",\"dateModified\":\"2014-08-19T18:06:04+00:00\",\"description\":\"MASMI Belgrade is a search agency, specialized in market research and public opinion surveys in Serbia and region.\",\"breadcrumb\":{\"@id\":\"https:\/\/masmi.rs\/en\/our-values\/#breadcrumb\"},\"inLanguage\":\"en-US\",\"potentialAction\":[{\"@type\":\"ReadAction\",\"target\":[\"https:\/\/masmi.rs\/en\/our-values\/\"]}]},{\"@type\":\"BreadcrumbList\",\"@id\":\"https:\/\/masmi.rs\/en\/our-values\/#breadcrumb\",\"itemListElement\":[{\"@type\":\"ListItem\",\"position\":1,\"name\":\"Our values\"}]}]}<\/script>\n<!-- \/ Yoast SEO plugin. -->","yoast_head_json":{"title":"Who are we - MASMI Belgrade Market Research","description":"MASMI Belgrade is a search agency, specialized in market research and public opinion surveys in Serbia and region.","robots":{"index":"index","follow":"follow","max-snippet":"max-snippet:-1","max-image-preview":"max-image-preview:large","max-video-preview":"max-video-preview:-1"},"canonical":"https:\/\/masmi.rs\/en\/our-values\/","og_locale":"en_US","og_type":"article","og_title":"Who are we - MASMI Belgrade Market Research","og_description":"MASMI Belgrade is a search agency, specialized in market research and public opinion surveys in Serbia and region.","og_url":"https:\/\/masmi.rs\/en\/our-values\/","og_site_name":"MASMI BEOGRAD","twitter_misc":{"Est. reading time":"2 minutes"},"schema":{"@context":"https:\/\/schema.org","@graph":[{"@type":"Organization","@id":"https:\/\/masmi.rs\/#organization","name":"MASMI Beograd","url":"https:\/\/masmi.rs\/","sameAs":[],"logo":{"@type":"ImageObject","@id":"https:\/\/masmi.rs\/#logo","inLanguage":"en-US","url":"https:\/\/masmi.rs\/wp-content\/uploads\/2017\/11\/FB_profile-pic.png","contentUrl":"https:\/\/masmi.rs\/wp-content\/uploads\/2017\/11\/FB_profile-pic.png","width":372,"height":372,"caption":"MASMI Beograd"},"image":{"@id":"https:\/\/masmi.rs\/#logo"}},{"@type":"WebSite","@id":"https:\/\/masmi.rs\/#website","url":"https:\/\/masmi.rs\/","name":"MASMI BEOGRAD","description":"Agencija za istra\u017eivanje tr\u017ei\u0161ta","publisher":{"@id":"https:\/\/masmi.rs\/#organization"},"potentialAction":[{"@type":"SearchAction","target":{"@type":"EntryPoint","urlTemplate":"https:\/\/masmi.rs\/?s={search_term_string}"},"query-input":"required name=search_term_string"}],"inLanguage":"en-US"},{"@type":"WebPage","@id":"https:\/\/masmi.rs\/en\/our-values\/#webpage","url":"https:\/\/masmi.rs\/en\/our-values\/","name":"Who are we - MASMI Belgrade Market Research","isPartOf":{"@id":"https:\/\/masmi.rs\/#website"},"datePublished":"2014-08-19T18:06:04+00:00","dateModified":"2014-08-19T18:06:04+00:00","description":"MASMI Belgrade is a search agency, specialized in market research and public opinion surveys in Serbia and region.","breadcrumb":{"@id":"https:\/\/masmi.rs\/en\/our-values\/#breadcrumb"},"inLanguage":"en-US","potentialAction":[{"@type":"ReadAction","target":["https:\/\/masmi.rs\/en\/our-values\/"]}]},{"@type":"BreadcrumbList","@id":"https:\/\/masmi.rs\/en\/our-values\/#breadcrumb","itemListElement":[{"@type":"ListItem","position":1,"name":"Our values"}]}]}},"_links":{"self":[{"href":"https:\/\/masmi.rs\/en\/wp-json\/wp\/v2\/pages\/1569"}],"collection":[{"href":"https:\/\/masmi.rs\/en\/wp-json\/wp\/v2\/pages"}],"about":[{"href":"https:\/\/masmi.rs\/en\/wp-json\/wp\/v2\/types\/page"}],"author":[{"embeddable":true,"href":"https:\/\/masmi.rs\/en\/wp-json\/wp\/v2\/users\/1"}],"replies":[{"embeddable":true,"href":"https:\/\/masmi.rs\/en\/wp-json\/wp\/v2\/comments?post=1569"}],"version-history":[{"count":1,"href":"https:\/\/masmi.rs\/en\/wp-json\/wp\/v2\/pages\/1569\/revisions"}],"predecessor-version":[{"id":2631,"href":"https:\/\/masmi.rs\/en\/wp-json\/wp\/v2\/pages\/1569\/revisions\/2631"}],"wp:attachment":[{"href":"https:\/\/masmi.rs\/en\/wp-json\/wp\/v2\/media?parent=1569"}],"curies":[{"name":"wp","href":"https:\/\/api.w.org\/{rel}","templated":true}]}}