{"id":1543,"date":"2014-08-15T14:39:05","date_gmt":"2014-08-15T14:39:05","guid":{"rendered":"http:\/\/masmi.myvnc.com:10000\/WordPress\/?page_id=1543"},"modified":"2020-07-17T14:25:16","modified_gmt":"2020-07-17T12:25:16","slug":"news","status":"publish","type":"page","link":"https:\/\/masmi.rs\/en\/news\/","title":{"rendered":"News"},"content":{"rendered":"<p>[et_pb_section fb_built=&#8221;1&#8243; fullwidth=&#8221;on&#8221; _builder_version=&#8221;3.22&#8243; background_color=&#8221;#ffffff&#8221; background_image=&#8221;https:\/\/masmi.rs\/wp-content\/uploads\/2014\/06\/cta-masmi.jpg&#8221;][et_pb_fullwidth_header title=&#8221;News&#8221; content_max_width=&#8221;none&#8221; admin_label=&#8221;Fullwidth Header&#8221; _builder_version=&#8221;3.16&#8243; background_color=&#8221;rgba(255, 255, 255, 0)&#8221; button_one_text_size__hover_enabled=&#8221;off&#8221; button_two_text_size__hover_enabled=&#8221;off&#8221; button_one_text_color__hover_enabled=&#8221;off&#8221; button_two_text_color__hover_enabled=&#8221;off&#8221; button_one_border_width__hover_enabled=&#8221;off&#8221; button_two_border_width__hover_enabled=&#8221;off&#8221; button_one_border_color__hover_enabled=&#8221;off&#8221; button_two_border_color__hover_enabled=&#8221;off&#8221; button_one_border_radius__hover_enabled=&#8221;off&#8221; button_two_border_radius__hover_enabled=&#8221;off&#8221; button_one_letter_spacing__hover_enabled=&#8221;off&#8221; button_two_letter_spacing__hover_enabled=&#8221;off&#8221; button_one_bg_color__hover_enabled=&#8221;off&#8221; button_two_bg_color__hover_enabled=&#8221;off&#8221;][\/et_pb_fullwidth_header][\/et_pb_section][et_pb_section fb_built=&#8221;1&#8243; _builder_version=&#8221;3.22&#8243;][et_pb_row _builder_version=&#8221;3.25&#8243; background_size=&#8221;initial&#8221; background_position=&#8221;top_left&#8221; background_repeat=&#8221;repeat&#8221;][et_pb_column type=&#8221;4_4&#8243; _builder_version=&#8221;3.25&#8243; custom_padding=&#8221;|||&#8221; custom_padding__hover=&#8221;|||&#8221;][et_pb_blog fullwidth=&#8221;off&#8221; posts_number=&#8221;18&#8243; include_categories=&#8221;167&#8243; show_more=&#8221;on&#8221; show_author=&#8221;off&#8221; show_categories=&#8221;off&#8221; admin_label=&#8221;Blog&#8221; _builder_version=&#8221;4.5.1&#8243; hover_enabled=&#8221;0&#8243;][\/et_pb_blog][\/et_pb_column][\/et_pb_row][\/et_pb_section]<\/p>\n","protected":false},"excerpt":{"rendered":"","protected":false},"author":1,"featured_media":0,"parent":0,"menu_order":0,"comment_status":"open","ping_status":"open","template":"","meta":{"_et_pb_use_builder":"on","_et_pb_old_content":"","_et_gb_content_width":"","_monsterinsights_skip_tracking":false,"_monsterinsights_sitenote_active":false,"_monsterinsights_sitenote_note":"","_monsterinsights_sitenote_category":0,"footnotes":""},"yoast_head":"<!-- This site is optimized with the Yoast SEO plugin v18.0 - https:\/\/yoast.com\/wordpress\/plugins\/seo\/ -->\n<title>Company News&amp;Events - MASMI Belgrade Market Research<\/title>\n<meta name=\"description\" content=\"Find out latest news and company releases regarding market research and public opinion polls in Serbia and region.\" \/>\n<meta name=\"robots\" content=\"index, follow, max-snippet:-1, max-image-preview:large, max-video-preview:-1\" \/>\n<link rel=\"canonical\" href=\"https:\/\/masmi.rs\/en\/news\/\" \/>\n<meta property=\"og:locale\" content=\"en_US\" \/>\n<meta property=\"og:type\" content=\"article\" \/>\n<meta property=\"og:title\" content=\"Company News&amp;Events - MASMI Belgrade Market Research\" \/>\n<meta property=\"og:description\" content=\"Find out latest news and company releases regarding market research and public opinion polls in Serbia and region.\" \/>\n<meta property=\"og:url\" content=\"https:\/\/masmi.rs\/en\/news\/\" \/>\n<meta property=\"og:site_name\" content=\"MASMI BEOGRAD\" \/>\n<meta property=\"article:modified_time\" content=\"2020-07-17T12:25:16+00:00\" \/>\n<meta name=\"twitter:label1\" content=\"Est. reading time\" \/>\n\t<meta name=\"twitter:data1\" content=\"1 minute\" \/>\n<script type=\"application\/ld+json\" class=\"yoast-schema-graph\">{\"@context\":\"https:\/\/schema.org\",\"@graph\":[{\"@type\":\"Organization\",\"@id\":\"https:\/\/masmi.rs\/#organization\",\"name\":\"MASMI Beograd\",\"url\":\"https:\/\/masmi.rs\/\",\"sameAs\":[],\"logo\":{\"@type\":\"ImageObject\",\"@id\":\"https:\/\/masmi.rs\/#logo\",\"inLanguage\":\"en-US\",\"url\":\"https:\/\/masmi.rs\/wp-content\/uploads\/2017\/11\/FB_profile-pic.png\",\"contentUrl\":\"https:\/\/masmi.rs\/wp-content\/uploads\/2017\/11\/FB_profile-pic.png\",\"width\":372,\"height\":372,\"caption\":\"MASMI Beograd\"},\"image\":{\"@id\":\"https:\/\/masmi.rs\/#logo\"}},{\"@type\":\"WebSite\",\"@id\":\"https:\/\/masmi.rs\/#website\",\"url\":\"https:\/\/masmi.rs\/\",\"name\":\"MASMI BEOGRAD\",\"description\":\"Agencija za istra\u017eivanje tr\u017ei\u0161ta\",\"publisher\":{\"@id\":\"https:\/\/masmi.rs\/#organization\"},\"potentialAction\":[{\"@type\":\"SearchAction\",\"target\":{\"@type\":\"EntryPoint\",\"urlTemplate\":\"https:\/\/masmi.rs\/?s={search_term_string}\"},\"query-input\":\"required name=search_term_string\"}],\"inLanguage\":\"en-US\"},{\"@type\":\"WebPage\",\"@id\":\"https:\/\/masmi.rs\/en\/news\/#webpage\",\"url\":\"https:\/\/masmi.rs\/en\/news\/\",\"name\":\"Company News&Events - MASMI Belgrade Market Research\",\"isPartOf\":{\"@id\":\"https:\/\/masmi.rs\/#website\"},\"datePublished\":\"2014-08-15T14:39:05+00:00\",\"dateModified\":\"2020-07-17T12:25:16+00:00\",\"description\":\"Find out latest news and company releases regarding market research and public opinion polls in Serbia and region.\",\"breadcrumb\":{\"@id\":\"https:\/\/masmi.rs\/en\/news\/#breadcrumb\"},\"inLanguage\":\"en-US\",\"potentialAction\":[{\"@type\":\"ReadAction\",\"target\":[\"https:\/\/masmi.rs\/en\/news\/\"]}]},{\"@type\":\"BreadcrumbList\",\"@id\":\"https:\/\/masmi.rs\/en\/news\/#breadcrumb\",\"itemListElement\":[{\"@type\":\"ListItem\",\"position\":1,\"name\":\"News\"}]}]}<\/script>\n<!-- \/ Yoast SEO plugin. -->","yoast_head_json":{"title":"Company News&Events - MASMI Belgrade Market Research","description":"Find out latest news and company releases regarding market research and public opinion polls in Serbia and region.","robots":{"index":"index","follow":"follow","max-snippet":"max-snippet:-1","max-image-preview":"max-image-preview:large","max-video-preview":"max-video-preview:-1"},"canonical":"https:\/\/masmi.rs\/en\/news\/","og_locale":"en_US","og_type":"article","og_title":"Company News&Events - MASMI Belgrade Market Research","og_description":"Find out latest news and company releases regarding market research and public opinion polls in Serbia and region.","og_url":"https:\/\/masmi.rs\/en\/news\/","og_site_name":"MASMI BEOGRAD","article_modified_time":"2020-07-17T12:25:16+00:00","twitter_misc":{"Est. reading time":"1 minute"},"schema":{"@context":"https:\/\/schema.org","@graph":[{"@type":"Organization","@id":"https:\/\/masmi.rs\/#organization","name":"MASMI Beograd","url":"https:\/\/masmi.rs\/","sameAs":[],"logo":{"@type":"ImageObject","@id":"https:\/\/masmi.rs\/#logo","inLanguage":"en-US","url":"https:\/\/masmi.rs\/wp-content\/uploads\/2017\/11\/FB_profile-pic.png","contentUrl":"https:\/\/masmi.rs\/wp-content\/uploads\/2017\/11\/FB_profile-pic.png","width":372,"height":372,"caption":"MASMI Beograd"},"image":{"@id":"https:\/\/masmi.rs\/#logo"}},{"@type":"WebSite","@id":"https:\/\/masmi.rs\/#website","url":"https:\/\/masmi.rs\/","name":"MASMI BEOGRAD","description":"Agencija za istra\u017eivanje tr\u017ei\u0161ta","publisher":{"@id":"https:\/\/masmi.rs\/#organization"},"potentialAction":[{"@type":"SearchAction","target":{"@type":"EntryPoint","urlTemplate":"https:\/\/masmi.rs\/?s={search_term_string}"},"query-input":"required name=search_term_string"}],"inLanguage":"en-US"},{"@type":"WebPage","@id":"https:\/\/masmi.rs\/en\/news\/#webpage","url":"https:\/\/masmi.rs\/en\/news\/","name":"Company News&Events - MASMI Belgrade Market Research","isPartOf":{"@id":"https:\/\/masmi.rs\/#website"},"datePublished":"2014-08-15T14:39:05+00:00","dateModified":"2020-07-17T12:25:16+00:00","description":"Find out latest news and company releases regarding market research and public opinion polls in Serbia and region.","breadcrumb":{"@id":"https:\/\/masmi.rs\/en\/news\/#breadcrumb"},"inLanguage":"en-US","potentialAction":[{"@type":"ReadAction","target":["https:\/\/masmi.rs\/en\/news\/"]}]},{"@type":"BreadcrumbList","@id":"https:\/\/masmi.rs\/en\/news\/#breadcrumb","itemListElement":[{"@type":"ListItem","position":1,"name":"News"}]}]}},"_links":{"self":[{"href":"https:\/\/masmi.rs\/en\/wp-json\/wp\/v2\/pages\/1543"}],"collection":[{"href":"https:\/\/masmi.rs\/en\/wp-json\/wp\/v2\/pages"}],"about":[{"href":"https:\/\/masmi.rs\/en\/wp-json\/wp\/v2\/types\/page"}],"author":[{"embeddable":true,"href":"https:\/\/masmi.rs\/en\/wp-json\/wp\/v2\/users\/1"}],"replies":[{"embeddable":true,"href":"https:\/\/masmi.rs\/en\/wp-json\/wp\/v2\/comments?post=1543"}],"version-history":[{"count":3,"href":"https:\/\/masmi.rs\/en\/wp-json\/wp\/v2\/pages\/1543\/revisions"}],"predecessor-version":[{"id":3780,"href":"https:\/\/masmi.rs\/en\/wp-json\/wp\/v2\/pages\/1543\/revisions\/3780"}],"wp:attachment":[{"href":"https:\/\/masmi.rs\/en\/wp-json\/wp\/v2\/media?parent=1543"}],"curies":[{"name":"wp","href":"https:\/\/api.w.org\/{rel}","templated":true}]}}