{"id":1526,"date":"2014-07-14T06:15:58","date_gmt":"2014-07-14T06:15:58","guid":{"rendered":"http:\/\/masmi.myvnc.com:10000\/WordPress\/?page_id=1526"},"modified":"2018-09-21T17:39:51","modified_gmt":"2018-09-21T15:39:51","slug":"methodology","status":"publish","type":"page","link":"https:\/\/masmi.rs\/en\/methodology\/","title":{"rendered":"Methodologies"},"content":{"rendered":"<p>[et_pb_section bb_built=&#8221;1&#8243; fullwidth=&#8221;on&#8221; _builder_version=&#8221;3.0.47&#8243; background_color=&#8221;#ffffff&#8221; background_image=&#8221;http:\/\/masmi.rs\/wp-content\/uploads\/2014\/06\/cta-masmi.jpg&#8221; custom_padding=&#8221;0px|0px|0|0px|false|false&#8221; next_background_color=&#8221;#ffffff&#8221;][et_pb_fullwidth_header admin_label=&#8221;Fullwidth Header&#8221; title=&#8221;Metholodogies&#8221; _builder_version=&#8221;3.3.1&#8243; background_color=&#8221;rgba(255, 255, 255, 0)&#8221; \/][\/et_pb_section][et_pb_section bb_built=&#8221;1&#8243; _builder_version=&#8221;3.0.47&#8243; custom_padding=&#8221;14px|0px|18px|0px|false|false&#8221; prev_background_color=&#8221;#000000&#8243; next_background_color=&#8221;#000000&#8243;][et_pb_row custom_padding=&#8221;26.2188px|0px|13px|0px|false|false&#8221; _builder_version=&#8221;3.0.47&#8243; background_size=&#8221;initial&#8221; background_position=&#8221;top_left&#8221; background_repeat=&#8221;repeat&#8221;][et_pb_column type=&#8221;4_4&#8243;][et_pb_text admin_label=&#8221;Text&#8221; _builder_version=&#8221;3.3.1&#8243; background_size=&#8221;initial&#8221; background_position=&#8221;top_left&#8221; background_repeat=&#8221;repeat&#8221;]<\/p>\n<p>There is always more than one way to get to a solution. There are always different roads leading to a goal. But, nobody can afford to waste their time and resources. This is why we have developed methodologies which can help you get from point A to point B in a most efficient manner.<\/p>\n<p>We offer wide array of methodologies and research types which have been improved and refined during many years of successful work with various clients.<\/p>\n<p>[\/et_pb_text][\/et_pb_column][\/et_pb_row][et_pb_row _builder_version=&#8221;3.0.47&#8243; background_size=&#8221;initial&#8221; background_position=&#8221;top_left&#8221; background_repeat=&#8221;repeat&#8221;][et_pb_column type=&#8221;1_4&#8243;][et_pb_blurb title=&#8221;Quantitative Research&#8221; url=&#8221;\/metodologije\/kvantitativna-istrazivanja\/&#8221; image=&#8221;http:\/\/masmi.rs\/wp-content\/uploads\/2014\/07\/Chart-Axes-256.png&#8221; image_max_width=&#8221;60%&#8221; _builder_version=&#8221;3.3.1&#8243; header_text_align=&#8221;center&#8221; header_text_color=&#8221;#000000&#8243; text_orientation=&#8221;center&#8221; \/][et_pb_blurb title=&#8221;Online Research&#8221; url=&#8221;\/metodologije\/online-istrazivanja\/&#8221; image=&#8221;http:\/\/masmi.rs\/wp-content\/uploads\/2014\/07\/Web-256.png&#8221; image_max_width=&#8221;60%&#8221; _builder_version=&#8221;3.3.1&#8243; header_text_align=&#8221;center&#8221; header_text_color=&#8221;#000000&#8243; text_orientation=&#8221;center&#8221; \/][\/et_pb_column][et_pb_column type=&#8221;1_4&#8243;][et_pb_blurb title=&#8221;Qualitative Resarch&#8221; url=&#8221;\/metodologije\/kvalitativna-istrazivanja\/&#8221; image=&#8221;http:\/\/masmi.rs\/wp-content\/uploads\/2014\/07\/User-Group-256.png&#8221; image_max_width=&#8221;60%&#8221; _builder_version=&#8221;3.3.1&#8243; header_text_align=&#8221;center&#8221; header_text_color=&#8221;#000000&#8243; text_orientation=&#8221;center&#8221; \/][\/et_pb_column][et_pb_column type=&#8221;1_4&#8243;][et_pb_blurb title=&#8221;Mystery shopping&#8221; url=&#8221;\/metodologije\/tajna-kupovina-mystery-shopping\/&#8221; image=&#8221;http:\/\/masmi.rs\/wp-content\/uploads\/2014\/07\/User-Group-256.png&#8221; image_max_width=&#8221;60%&#8221; _builder_version=&#8221;3.3.1&#8243; header_text_align=&#8221;center&#8221; header_text_color=&#8221;#000000&#8243; text_orientation=&#8221;center&#8221; \/][\/et_pb_column][et_pb_column type=&#8221;1_4&#8243;][et_pb_blurb title=&#8221;Desk Research&#8221; url=&#8221;\/metodologije\/sekundarna-desk-istrazivanja\/&#8221; image=&#8221;http:\/\/masmi.rs\/wp-content\/uploads\/2014\/07\/Computer-Desktop-256.png&#8221; image_max_width=&#8221;60%&#8221; _builder_version=&#8221;3.3.1&#8243; header_text_align=&#8221;center&#8221; header_text_color=&#8221;#000000&#8243; text_orientation=&#8221;center&#8221; \/][\/et_pb_column][\/et_pb_row][\/et_pb_section][et_pb_section bb_built=&#8221;1&#8243; _builder_version=&#8221;3.0.47&#8243; background_color=&#8221;#ffffff&#8221; background_image=&#8221;http:\/\/masmi.rs\/wp-content\/uploads\/2014\/06\/cta-masmi.jpg&#8221; custom_padding=&#8221;14px|0px|9px|0px|false|false&#8221; prev_background_color=&#8221;#ffffff&#8221;][et_pb_row _builder_version=&#8221;3.0.47&#8243; background_size=&#8221;initial&#8221; background_position=&#8221;top_left&#8221; background_repeat=&#8221;repeat&#8221;][et_pb_column type=&#8221;4_4&#8243;][et_pb_cta admin_label=&#8221;Call To Action&#8221; title=&#8221;If you have any questions, we would like to help&#8221; button_url=&#8221;\/contact&#8221; button_text=&#8221;Contact us&#8221; _builder_version=&#8221;3.3.1&#8243; use_background_color=&#8221;off&#8221; background_size=&#8221;initial&#8221; background_position=&#8221;top_left&#8221; background_repeat=&#8221;repeat&#8221;]<\/p>\n<p><span style=\"color: #ffffff; font-size: 115%;\">Ako imate bilo kakva pitanja, voleli bi smo da pomognemo<\/span><\/p>\n<p>[\/et_pb_cta][\/et_pb_column][\/et_pb_row][\/et_pb_section]<\/p>\n","protected":false},"excerpt":{"rendered":"<p>There is always more than one way to get to a solution. There are always different roads leading to a goal. But, nobody can afford to waste their time and resources. This is why we have developed methodologies which can help you get from point A to point B in a most efficient manner. We [&hellip;]<\/p>\n","protected":false},"author":1,"featured_media":0,"parent":0,"menu_order":0,"comment_status":"open","ping_status":"open","template":"","meta":{"_et_pb_use_builder":"on","_et_pb_old_content":"","_et_gb_content_width":"","_monsterinsights_skip_tracking":false,"_monsterinsights_sitenote_active":false,"_monsterinsights_sitenote_note":"","_monsterinsights_sitenote_category":0,"footnotes":""},"yoast_head":"<!-- This site is optimized with the Yoast SEO plugin v18.0 - https:\/\/yoast.com\/wordpress\/plugins\/seo\/ -->\n<title>Research methodologies | MASMI Belgrade<\/title>\n<meta name=\"description\" content=\"We are using various research methodologies - from mystery shopping to qualitative and quantitative research. Find out how can we help your business.\" \/>\n<meta name=\"robots\" content=\"index, follow, max-snippet:-1, max-image-preview:large, max-video-preview:-1\" \/>\n<link rel=\"canonical\" href=\"https:\/\/masmi.rs\/en\/methodology\/\" \/>\n<meta property=\"og:locale\" content=\"en_US\" \/>\n<meta property=\"og:type\" content=\"article\" \/>\n<meta property=\"og:title\" content=\"Research methodologies | MASMI Belgrade\" \/>\n<meta property=\"og:description\" content=\"We are using various research methodologies - from mystery shopping to qualitative and quantitative research. Find out how can we help your business.\" \/>\n<meta property=\"og:url\" content=\"https:\/\/masmi.rs\/en\/methodology\/\" \/>\n<meta property=\"og:site_name\" content=\"MASMI BEOGRAD\" \/>\n<meta property=\"article:modified_time\" content=\"2018-09-21T15:39:51+00:00\" \/>\n<meta name=\"twitter:label1\" content=\"Est. reading time\" \/>\n\t<meta name=\"twitter:data1\" content=\"3 minutes\" \/>\n<script type=\"application\/ld+json\" class=\"yoast-schema-graph\">{\"@context\":\"https:\/\/schema.org\",\"@graph\":[{\"@type\":\"Organization\",\"@id\":\"https:\/\/masmi.rs\/#organization\",\"name\":\"MASMI Beograd\",\"url\":\"https:\/\/masmi.rs\/\",\"sameAs\":[],\"logo\":{\"@type\":\"ImageObject\",\"@id\":\"https:\/\/masmi.rs\/#logo\",\"inLanguage\":\"en-US\",\"url\":\"https:\/\/masmi.rs\/wp-content\/uploads\/2017\/11\/FB_profile-pic.png\",\"contentUrl\":\"https:\/\/masmi.rs\/wp-content\/uploads\/2017\/11\/FB_profile-pic.png\",\"width\":372,\"height\":372,\"caption\":\"MASMI Beograd\"},\"image\":{\"@id\":\"https:\/\/masmi.rs\/#logo\"}},{\"@type\":\"WebSite\",\"@id\":\"https:\/\/masmi.rs\/#website\",\"url\":\"https:\/\/masmi.rs\/\",\"name\":\"MASMI BEOGRAD\",\"description\":\"Agencija za istra\u017eivanje tr\u017ei\u0161ta\",\"publisher\":{\"@id\":\"https:\/\/masmi.rs\/#organization\"},\"potentialAction\":[{\"@type\":\"SearchAction\",\"target\":{\"@type\":\"EntryPoint\",\"urlTemplate\":\"https:\/\/masmi.rs\/?s={search_term_string}\"},\"query-input\":\"required name=search_term_string\"}],\"inLanguage\":\"en-US\"},{\"@type\":\"WebPage\",\"@id\":\"https:\/\/masmi.rs\/en\/methodology\/#webpage\",\"url\":\"https:\/\/masmi.rs\/en\/methodology\/\",\"name\":\"Research methodologies | MASMI Belgrade\",\"isPartOf\":{\"@id\":\"https:\/\/masmi.rs\/#website\"},\"datePublished\":\"2014-07-14T06:15:58+00:00\",\"dateModified\":\"2018-09-21T15:39:51+00:00\",\"description\":\"We are using various research methodologies - from mystery shopping to qualitative and quantitative research. Find out how can we help your business.\",\"breadcrumb\":{\"@id\":\"https:\/\/masmi.rs\/en\/methodology\/#breadcrumb\"},\"inLanguage\":\"en-US\",\"potentialAction\":[{\"@type\":\"ReadAction\",\"target\":[\"https:\/\/masmi.rs\/en\/methodology\/\"]}]},{\"@type\":\"BreadcrumbList\",\"@id\":\"https:\/\/masmi.rs\/en\/methodology\/#breadcrumb\",\"itemListElement\":[{\"@type\":\"ListItem\",\"position\":1,\"name\":\"Methodologies\"}]}]}<\/script>\n<!-- \/ Yoast SEO plugin. -->","yoast_head_json":{"title":"Research methodologies | MASMI Belgrade","description":"We are using various research methodologies - from mystery shopping to qualitative and quantitative research. Find out how can we help your business.","robots":{"index":"index","follow":"follow","max-snippet":"max-snippet:-1","max-image-preview":"max-image-preview:large","max-video-preview":"max-video-preview:-1"},"canonical":"https:\/\/masmi.rs\/en\/methodology\/","og_locale":"en_US","og_type":"article","og_title":"Research methodologies | MASMI Belgrade","og_description":"We are using various research methodologies - from mystery shopping to qualitative and quantitative research. Find out how can we help your business.","og_url":"https:\/\/masmi.rs\/en\/methodology\/","og_site_name":"MASMI BEOGRAD","article_modified_time":"2018-09-21T15:39:51+00:00","twitter_misc":{"Est. reading time":"3 minutes"},"schema":{"@context":"https:\/\/schema.org","@graph":[{"@type":"Organization","@id":"https:\/\/masmi.rs\/#organization","name":"MASMI Beograd","url":"https:\/\/masmi.rs\/","sameAs":[],"logo":{"@type":"ImageObject","@id":"https:\/\/masmi.rs\/#logo","inLanguage":"en-US","url":"https:\/\/masmi.rs\/wp-content\/uploads\/2017\/11\/FB_profile-pic.png","contentUrl":"https:\/\/masmi.rs\/wp-content\/uploads\/2017\/11\/FB_profile-pic.png","width":372,"height":372,"caption":"MASMI Beograd"},"image":{"@id":"https:\/\/masmi.rs\/#logo"}},{"@type":"WebSite","@id":"https:\/\/masmi.rs\/#website","url":"https:\/\/masmi.rs\/","name":"MASMI BEOGRAD","description":"Agencija za istra\u017eivanje tr\u017ei\u0161ta","publisher":{"@id":"https:\/\/masmi.rs\/#organization"},"potentialAction":[{"@type":"SearchAction","target":{"@type":"EntryPoint","urlTemplate":"https:\/\/masmi.rs\/?s={search_term_string}"},"query-input":"required name=search_term_string"}],"inLanguage":"en-US"},{"@type":"WebPage","@id":"https:\/\/masmi.rs\/en\/methodology\/#webpage","url":"https:\/\/masmi.rs\/en\/methodology\/","name":"Research methodologies | MASMI Belgrade","isPartOf":{"@id":"https:\/\/masmi.rs\/#website"},"datePublished":"2014-07-14T06:15:58+00:00","dateModified":"2018-09-21T15:39:51+00:00","description":"We are using various research methodologies - from mystery shopping to qualitative and quantitative research. Find out how can we help your business.","breadcrumb":{"@id":"https:\/\/masmi.rs\/en\/methodology\/#breadcrumb"},"inLanguage":"en-US","potentialAction":[{"@type":"ReadAction","target":["https:\/\/masmi.rs\/en\/methodology\/"]}]},{"@type":"BreadcrumbList","@id":"https:\/\/masmi.rs\/en\/methodology\/#breadcrumb","itemListElement":[{"@type":"ListItem","position":1,"name":"Methodologies"}]}]}},"_links":{"self":[{"href":"https:\/\/masmi.rs\/en\/wp-json\/wp\/v2\/pages\/1526"}],"collection":[{"href":"https:\/\/masmi.rs\/en\/wp-json\/wp\/v2\/pages"}],"about":[{"href":"https:\/\/masmi.rs\/en\/wp-json\/wp\/v2\/types\/page"}],"author":[{"embeddable":true,"href":"https:\/\/masmi.rs\/en\/wp-json\/wp\/v2\/users\/1"}],"replies":[{"embeddable":true,"href":"https:\/\/masmi.rs\/en\/wp-json\/wp\/v2\/comments?post=1526"}],"version-history":[{"count":5,"href":"https:\/\/masmi.rs\/en\/wp-json\/wp\/v2\/pages\/1526\/revisions"}],"predecessor-version":[{"id":2630,"href":"https:\/\/masmi.rs\/en\/wp-json\/wp\/v2\/pages\/1526\/revisions\/2630"}],"wp:attachment":[{"href":"https:\/\/masmi.rs\/en\/wp-json\/wp\/v2\/media?parent=1526"}],"curies":[{"name":"wp","href":"https:\/\/api.w.org\/{rel}","templated":true}]}}