{"id":1483,"date":"2014-08-15T08:57:27","date_gmt":"2014-08-15T08:57:27","guid":{"rendered":"http:\/\/masmi.myvnc.com:10000\/WordPress\/?page_id=1483"},"modified":"2018-10-01T14:40:54","modified_gmt":"2018-10-01T12:40:54","slug":"services","status":"publish","type":"page","link":"https:\/\/masmi.rs\/en\/services\/","title":{"rendered":"Services"},"content":{"rendered":"<p>[et_pb_section bb_built=&#8221;1&#8243; fullwidth=&#8221;on&#8221; specialty=&#8221;off&#8221; background_image=&#8221;http:\/\/masmi.rs\/wp-content\/uploads\/2014\/06\/cta-masmi.jpg&#8221; background_color=&#8221;#2ea3f2&#8243; inner_shadow=&#8221;off&#8221; parallax=&#8221;off&#8221; parallax_method=&#8221;css&#8221; next_background_color=&#8221;#ffffff&#8221;][et_pb_fullwidth_header admin_label=&#8221;Fullwidth Header&#8221; title=&#8221;Market research services&#8221; background_layout=&#8221;dark&#8221; text_orientation=&#8221;left&#8221; content_max_width=&#8221;100%&#8221; background_color=&#8221;rgba(255, 255, 255, 0)&#8221; \/][\/et_pb_section][et_pb_section bb_built=&#8221;1&#8243; fullwidth=&#8221;off&#8221; specialty=&#8221;on&#8221; prev_background_color=&#8221;#2ea3f2&#8243; next_background_color=&#8221;#000000&#8243;][et_pb_column type=&#8221;2_3&#8243; specialty_columns=&#8221;2&#8243;][et_pb_row_inner admin_label=&#8221;Red&#8221;][et_pb_column_inner type=&#8221;4_4&#8243; saved_specialty_column_type=&#8221;2_3&#8243;][et_pb_image _builder_version=&#8221;3.15&#8243; src=&#8221;https:\/\/masmi.rs\/wp-content\/uploads\/2014\/06\/usluge-puz1.png&#8221; \/][et_pb_text _builder_version=&#8221;3.15&#8243;]<\/p>\n<p>Our approach to research is based on client&#8217;s needs and project&#8217;s unique requirements. We are not fans of &#8220;one-size-fits-all&#8221; solutions which, regardless of their technical sophistication, are often using generic approach. Instead, we are working together with our clients, learning about them and trying to understand what are the real challenges they are facing. This results with custom made researches, fully adapted for our clients, whilst complying with best practices and using latest solutions from market research industry.<\/p>\n<p>Our satisfied clients speak best about MASMI Belgrade&#8217;s strongest asset &#8211; dedication and professional approach of our entire team.<\/p>\n<p>MASMI Belgrade market research agency provides different types of research &#8211; ranging from <a href=\"https:\/\/masmi.rs\/en\/methodology\/qualitative-research\/\">qualitative<\/a> over <a href=\"https:\/\/masmi.rs\/en\/methodology\/quantitative-research\/\">quantitative <\/a>to <a href=\"https:\/\/masmi.rs\/en\/methodology\/mystery-shopping\/\">Mystery shopping<\/a> etc. This offers clients chance to get clear answers, wider picture and actionable insights for further business improvement.<\/p>\n<p>[\/et_pb_text][\/et_pb_column_inner][\/et_pb_row_inner][\/et_pb_column][et_pb_column type=&#8221;1_3&#8243;][et_pb_sidebar _builder_version=&#8221;3.15&#8243; area=&#8221;sidebar-1&#8243; orientation=&#8221;right&#8221; show_border=&#8221;off&#8221; background_layout=&#8221;dark&#8221; \/][\/et_pb_column][\/et_pb_section][et_pb_section bb_built=&#8221;1&#8243; fullwidth=&#8221;off&#8221; specialty=&#8221;off&#8221; background_image=&#8221;http:\/\/masmi.rs\/wp-content\/uploads\/2014\/06\/cta-masmi.jpg&#8221; background_color=&#8221;#ffffff&#8221; inner_shadow=&#8221;off&#8221; parallax=&#8221;off&#8221; parallax_method=&#8221;css&#8221; prev_background_color=&#8221;#ffffff&#8221;][et_pb_row][et_pb_column type=&#8221;4_4&#8243;][et_pb_cta admin_label=&#8221;Call To Action&#8221; title=&#8221;Contact us&#8221; button_url=&#8221;\/contact&#8221; button_text=&#8221;Contact&#8221; use_background_color=&#8221;off&#8221; background_color=&#8221;#00a5e5&#8243; background_position=&#8221;top_left&#8221; background_repeat=&#8221;repeat&#8221; background_size=&#8221;initial&#8221; _builder_version=&#8221;3.15&#8243;]<\/p>\n<p><span style=\"color: #ffffff; font-size: 115%;\">If you have any questions, we would like to help<\/span><\/p>\n<p>[\/et_pb_cta][\/et_pb_column][\/et_pb_row][\/et_pb_section]<\/p>\n","protected":false},"excerpt":{"rendered":"<p>Our approach to research is based on client&#8217;s needs and project&#8217;s unique requirements. We are not fans of &#8220;one-size-fits-all&#8221; solutions which, regardless of their technical sophistication, are often using generic approach. Instead, we are working together with our clients, learning about them and trying to understand what are the real challenges they are facing. This [&hellip;]<\/p>\n","protected":false},"author":1,"featured_media":0,"parent":0,"menu_order":0,"comment_status":"open","ping_status":"open","template":"","meta":{"_et_pb_use_builder":"on","_et_pb_old_content":"","_et_gb_content_width":"","_monsterinsights_skip_tracking":false,"_monsterinsights_sitenote_active":false,"_monsterinsights_sitenote_note":"","_monsterinsights_sitenote_category":0,"footnotes":""},"yoast_head":"<!-- This site is optimized with the Yoast SEO plugin v18.0 - https:\/\/yoast.com\/wordpress\/plugins\/seo\/ -->\n<title>Market Research Services - MASMI Belgrade<\/title>\n<meta name=\"description\" content=\"MASMI Belgrade offers various market research services for domestic and foreign clients. Find out how can we help your company.\" \/>\n<meta name=\"robots\" content=\"index, follow, max-snippet:-1, max-image-preview:large, max-video-preview:-1\" \/>\n<link rel=\"canonical\" href=\"https:\/\/masmi.rs\/en\/services\/\" \/>\n<meta property=\"og:locale\" content=\"en_US\" \/>\n<meta property=\"og:type\" content=\"article\" \/>\n<meta property=\"og:title\" content=\"Market Research Services - MASMI Belgrade\" \/>\n<meta property=\"og:description\" content=\"MASMI Belgrade offers various market research services for domestic and foreign clients. Find out how can we help your company.\" \/>\n<meta property=\"og:url\" content=\"https:\/\/masmi.rs\/en\/services\/\" \/>\n<meta property=\"og:site_name\" content=\"MASMI BEOGRAD\" \/>\n<meta property=\"article:modified_time\" content=\"2018-10-01T12:40:54+00:00\" \/>\n<meta name=\"twitter:label1\" content=\"Est. reading time\" \/>\n\t<meta name=\"twitter:data1\" content=\"2 minutes\" \/>\n<script type=\"application\/ld+json\" class=\"yoast-schema-graph\">{\"@context\":\"https:\/\/schema.org\",\"@graph\":[{\"@type\":\"Organization\",\"@id\":\"https:\/\/masmi.rs\/#organization\",\"name\":\"MASMI Beograd\",\"url\":\"https:\/\/masmi.rs\/\",\"sameAs\":[],\"logo\":{\"@type\":\"ImageObject\",\"@id\":\"https:\/\/masmi.rs\/#logo\",\"inLanguage\":\"en-US\",\"url\":\"https:\/\/masmi.rs\/wp-content\/uploads\/2017\/11\/FB_profile-pic.png\",\"contentUrl\":\"https:\/\/masmi.rs\/wp-content\/uploads\/2017\/11\/FB_profile-pic.png\",\"width\":372,\"height\":372,\"caption\":\"MASMI Beograd\"},\"image\":{\"@id\":\"https:\/\/masmi.rs\/#logo\"}},{\"@type\":\"WebSite\",\"@id\":\"https:\/\/masmi.rs\/#website\",\"url\":\"https:\/\/masmi.rs\/\",\"name\":\"MASMI BEOGRAD\",\"description\":\"Agencija za istra\u017eivanje tr\u017ei\u0161ta\",\"publisher\":{\"@id\":\"https:\/\/masmi.rs\/#organization\"},\"potentialAction\":[{\"@type\":\"SearchAction\",\"target\":{\"@type\":\"EntryPoint\",\"urlTemplate\":\"https:\/\/masmi.rs\/?s={search_term_string}\"},\"query-input\":\"required name=search_term_string\"}],\"inLanguage\":\"en-US\"},{\"@type\":\"WebPage\",\"@id\":\"https:\/\/masmi.rs\/en\/services\/#webpage\",\"url\":\"https:\/\/masmi.rs\/en\/services\/\",\"name\":\"Market Research Services - MASMI Belgrade\",\"isPartOf\":{\"@id\":\"https:\/\/masmi.rs\/#website\"},\"datePublished\":\"2014-08-15T08:57:27+00:00\",\"dateModified\":\"2018-10-01T12:40:54+00:00\",\"description\":\"MASMI Belgrade offers various market research services for domestic and foreign clients. Find out how can we help your company.\",\"breadcrumb\":{\"@id\":\"https:\/\/masmi.rs\/en\/services\/#breadcrumb\"},\"inLanguage\":\"en-US\",\"potentialAction\":[{\"@type\":\"ReadAction\",\"target\":[\"https:\/\/masmi.rs\/en\/services\/\"]}]},{\"@type\":\"BreadcrumbList\",\"@id\":\"https:\/\/masmi.rs\/en\/services\/#breadcrumb\",\"itemListElement\":[{\"@type\":\"ListItem\",\"position\":1,\"name\":\"Services\"}]}]}<\/script>\n<!-- \/ Yoast SEO plugin. -->","yoast_head_json":{"title":"Market Research Services - MASMI Belgrade","description":"MASMI Belgrade offers various market research services for domestic and foreign clients. Find out how can we help your company.","robots":{"index":"index","follow":"follow","max-snippet":"max-snippet:-1","max-image-preview":"max-image-preview:large","max-video-preview":"max-video-preview:-1"},"canonical":"https:\/\/masmi.rs\/en\/services\/","og_locale":"en_US","og_type":"article","og_title":"Market Research Services - MASMI Belgrade","og_description":"MASMI Belgrade offers various market research services for domestic and foreign clients. Find out how can we help your company.","og_url":"https:\/\/masmi.rs\/en\/services\/","og_site_name":"MASMI BEOGRAD","article_modified_time":"2018-10-01T12:40:54+00:00","twitter_misc":{"Est. reading time":"2 minutes"},"schema":{"@context":"https:\/\/schema.org","@graph":[{"@type":"Organization","@id":"https:\/\/masmi.rs\/#organization","name":"MASMI Beograd","url":"https:\/\/masmi.rs\/","sameAs":[],"logo":{"@type":"ImageObject","@id":"https:\/\/masmi.rs\/#logo","inLanguage":"en-US","url":"https:\/\/masmi.rs\/wp-content\/uploads\/2017\/11\/FB_profile-pic.png","contentUrl":"https:\/\/masmi.rs\/wp-content\/uploads\/2017\/11\/FB_profile-pic.png","width":372,"height":372,"caption":"MASMI Beograd"},"image":{"@id":"https:\/\/masmi.rs\/#logo"}},{"@type":"WebSite","@id":"https:\/\/masmi.rs\/#website","url":"https:\/\/masmi.rs\/","name":"MASMI BEOGRAD","description":"Agencija za istra\u017eivanje tr\u017ei\u0161ta","publisher":{"@id":"https:\/\/masmi.rs\/#organization"},"potentialAction":[{"@type":"SearchAction","target":{"@type":"EntryPoint","urlTemplate":"https:\/\/masmi.rs\/?s={search_term_string}"},"query-input":"required name=search_term_string"}],"inLanguage":"en-US"},{"@type":"WebPage","@id":"https:\/\/masmi.rs\/en\/services\/#webpage","url":"https:\/\/masmi.rs\/en\/services\/","name":"Market Research Services - MASMI Belgrade","isPartOf":{"@id":"https:\/\/masmi.rs\/#website"},"datePublished":"2014-08-15T08:57:27+00:00","dateModified":"2018-10-01T12:40:54+00:00","description":"MASMI Belgrade offers various market research services for domestic and foreign clients. Find out how can we help your company.","breadcrumb":{"@id":"https:\/\/masmi.rs\/en\/services\/#breadcrumb"},"inLanguage":"en-US","potentialAction":[{"@type":"ReadAction","target":["https:\/\/masmi.rs\/en\/services\/"]}]},{"@type":"BreadcrumbList","@id":"https:\/\/masmi.rs\/en\/services\/#breadcrumb","itemListElement":[{"@type":"ListItem","position":1,"name":"Services"}]}]}},"_links":{"self":[{"href":"https:\/\/masmi.rs\/en\/wp-json\/wp\/v2\/pages\/1483"}],"collection":[{"href":"https:\/\/masmi.rs\/en\/wp-json\/wp\/v2\/pages"}],"about":[{"href":"https:\/\/masmi.rs\/en\/wp-json\/wp\/v2\/types\/page"}],"author":[{"embeddable":true,"href":"https:\/\/masmi.rs\/en\/wp-json\/wp\/v2\/users\/1"}],"replies":[{"embeddable":true,"href":"https:\/\/masmi.rs\/en\/wp-json\/wp\/v2\/comments?post=1483"}],"version-history":[{"count":5,"href":"https:\/\/masmi.rs\/en\/wp-json\/wp\/v2\/pages\/1483\/revisions"}],"predecessor-version":[{"id":2767,"href":"https:\/\/masmi.rs\/en\/wp-json\/wp\/v2\/pages\/1483\/revisions\/2767"}],"wp:attachment":[{"href":"https:\/\/masmi.rs\/en\/wp-json\/wp\/v2\/media?parent=1483"}],"curies":[{"name":"wp","href":"https:\/\/api.w.org\/{rel}","templated":true}]}}